{"id":9263,"date":"2025-11-03T12:06:54","date_gmt":"2025-11-03T12:06:54","guid":{"rendered":"https:\/\/p-c72cr2.project.space\/?page_id=9263"},"modified":"2026-03-23T13:29:05","modified_gmt":"2026-03-23T13:29:05","slug":"acs","status":"publish","type":"page","link":"https:\/\/www.actico.com\/de\/academy\/acs\/","title":{"rendered":"Compliance Solutions"},"content":{"rendered":"\n<section id=\"m-text__container-block_d2bacd6979914f92fbfe3f457765c502\" class=\"u-relative m-text__container u-pt-x10 u-pb-x10 u-pt-x20@md u-pb-x20@md\"><figure class=\"u-image--overlay u-absolute u-pos--top u-full--width u-full--height\"><img loading=\"lazy\" decoding=\"async\" src=\"https:\/\/www.actico.com\/wp-content\/uploads\/2025\/07\/Header-Academy-1240x930.jpg\" width=\"1240\" height=\"930\"srcset=\"https:\/\/www.actico.com\/wp-content\/uploads\/2025\/07\/Header-Academy-1240x930.jpg 1240w, https:\/\/www.actico.com\/wp-content\/uploads\/2025\/07\/Header-Academy-300x225.jpg 300w, https:\/\/www.actico.com\/wp-content\/uploads\/2025\/07\/Header-Academy-768x576.jpg 768w, https:\/\/www.actico.com\/wp-content\/uploads\/2025\/07\/Header-Academy.jpg 1280w\" sizes=\"auto, (max-width: 1920px) 100vw, 1920px\" alt=\"ACTICO Academy Header\" class=\"u-image--cover\"  \/><\/figure><div class=\"o-container u-relative\"><div class=\"o-grid o-grid--center\">\n                <div class=\"o-grid__col u-10\/12@md\" data-aos=\"fade\">\n                    <h1 style=\"text-align: center;\">Ihr selbstbestimmtes, flexibles Lernen mit der ACTICO Compliance Solutions!<\/h1>\n\n                <\/div>\n        <\/div><\/div>\n<\/section>\n\n\n<section id=\"roles\" data-anchor-title=\"roles\" class=\"m-teaser__container u-pt-x10 u-pb-x10 u-pt-x20@md u-pb-x20@md u-bgcolor-glow-center-mb-rb\">\n    <div class=\"o-container u-relative\"><div class=\"o-grid\"><div class=\"o-grid__col u-mb-x6\"><h3 style=\"text-align: center;\">W\u00e4hlen Sie Ihre Rolle&#8230;<\/h3>\n<\/div><\/div><div class=\"o-grid  o-grid--x4 o-grid--center\">\n                        <div class=\"o-grid__col u-mb-x4 u-5\/12@sm\" data-aos=\"flip-left\" data-aos-delay=\"0\">\n                        \n                            <figure class=\"u-flex u-fd-col u-full--width u-text-center u-full--height u-bgcolor-white u-color-midnight-blue\"><img loading=\"lazy\" decoding=\"async\" src=\"https:\/\/www.actico.com\/wp-content\/uploads\/2025\/07\/Business-User-1-480x320.jpg\" width=\"480\" height=\"320\" sizes=\"auto, (max-width: 480px) 100vw, 480px\" alt=\"ACTICO Business User\" class=\"u-mh--auto\"  \/>\n                                <figcaption class=\"u-flex u-fd-col u-fg-1 u-p-x6\"><h4 class=\"u-color-royal-blue\">Fachbereichs-Nutzer<\/h4>\n<blockquote><p>&#8222;Ich m\u00f6chte verstehen, wie die ACTICO Compliance Solutions mich bei meiner t\u00e4glichen Bewertung und Bearbeitung von Compliance F\u00e4llen unterst\u00fctzt.&#8220;<\/p><\/blockquote>\n<p><strong>Rollen:<\/strong> Compliance- und Geldw\u00e4sche-Beauftragte, Mitarbeitende im Risikomanagement und Fachexperten in der Compliance-Abteilung<\/p>\n<p><strong>Empfohlene Schulung:<\/strong><\/p>\n<p><strong><a class=\"u-color-royal-blue\" href=\"#ft\">ACTICO Compliance Solutions &#8211; Grundlagenschulung<\/a><\/strong><\/p>\n<div class=\"u-mt--auto\"><\/div><\/figcaption><\/figure>\n                            \n                        <\/div>\n                        <div class=\"o-grid__col u-mb-x4 u-5\/12@sm\" data-aos=\"flip-left\" data-aos-delay=\"100\">\n                        \n                            <figure class=\"u-flex u-fd-col u-full--width u-text-center u-full--height u-bgcolor-white u-color-midnight-blue\"><img loading=\"lazy\" decoding=\"async\" src=\"https:\/\/www.actico.com\/wp-content\/uploads\/2025\/07\/It-User-1-480x320.jpg\" width=\"480\" height=\"320\" sizes=\"auto, (max-width: 480px) 100vw, 480px\" alt=\"ACTICO IT User\" class=\"u-mh--auto\"  \/>\n                                <figcaption class=\"u-flex u-fd-col u-fg-1 u-p-x6\"><h4 class=\"u-color-royal-blue\">Experten-Nutzer<\/h4>\n<blockquote><p>&#8222;Ich m\u00f6chte Kenntnisse in der Konfiguration und Verwaltung der ACTICO Compliance Solutions erlernen, damit ich eine leistungsf\u00e4hige Umgebung f\u00fcr die Einhaltung gesetzlicher Vorschriften einrichten kann.&#8220;<\/p><\/blockquote>\n<p><strong>Rollen:<\/strong> Compliance Business Analysten und Fachexperten in der Compliance-Abteilung, die \u00fcber ein eher technisches IT-Verst\u00e4ndnis verf\u00fcgen<\/p>\n<p><strong>Empfohlene Schulungen:<\/strong><\/p>\n<p><strong><a class=\"u-color-royal-blue\" href=\"#ft\">ACTICO Compliance Solutions &#8211; Grundlagenschulung<\/a><\/strong>,<\/p>\n<p><strong><a class=\"u-color-royal-blue\" href=\"https:\/\/www.actico.com\/de\/academy\/admp\/#bm\">ACTICO Decision Management Platform &#8211; Business Modeling<\/a><\/strong>,<\/p>\n<p><strong><a class=\"u-color-royal-blue\" href=\"https:\/\/www.actico.com\/de\/academy\/admp\/#abm\">ACTICO Decision Management Platform &#8211; Advanced Business Modeling<\/a><\/strong>,<\/p>\n<p><strong><a class=\"u-color-royal-blue\" href=\"https:\/\/www.actico.com\/de\/academy\/admp\/#admin\">ACTICO Decision Management Platform &#8211; Adminstration<\/a>,<\/strong><\/p>\n<p><strong>und ACTICO Compliance Solutions &#8211; Experten Schulung!<\/strong><\/p>\n<div class=\"u-mt--auto\"><\/div><\/figcaption><\/figure>\n                            \n                        <\/div>\n        <\/div>\n    <\/div>\n<\/section>\n\n\n<section id=\"ft\" data-anchor-title=\"ft\" class=\"m-media-text__container u-pt-x10 u-pb-x10 u-pt-x20@md u-pb-x20@md u-bgcolor-jet-up-eb\">\n    <div class=\"o-container u-relative\"><div class=\"o-grid\"><div class=\"o-grid__col u-mb-x6\"><h3 style=\"text-align: center;\">&#8230; und finden Sie Ihren Kurs!<\/h3>\n<\/div><\/div><div class=\"o-grid\">\n            <div class=\"o-grid__col u-4\/12@md u-mb-x6 u-mb-x0@sm\" data-aos=\"fade-left\">\n                <img loading=\"lazy\" decoding=\"async\" src=\"https:\/\/www.actico.com\/wp-content\/uploads\/2025\/10\/ACS-Fundamental.jpg\" width=\"1280\" height=\"960\"srcset=\"https:\/\/www.actico.com\/wp-content\/uploads\/2025\/10\/ACS-Fundamental.jpg 1280w, https:\/\/www.actico.com\/wp-content\/uploads\/2025\/10\/ACS-Fundamental-300x225.jpg 300w, https:\/\/www.actico.com\/wp-content\/uploads\/2025\/10\/ACS-Fundamental-1240x930.jpg 1240w, https:\/\/www.actico.com\/wp-content\/uploads\/2025\/10\/ACS-Fundamental-768x576.jpg 768w\" sizes=\"auto, (max-width: 640px) 100vw, 640px\" alt=\"ACTICO Compliance Solutions Fundamental Training\" class=\"\"  \/>\n            <\/div>\n            <div class=\"o-grid__col u-8\/12@md\" data-aos=\"fade-left\">\n                <h4 class=\"u-color-electric-blue\">ACTICO Compliance Solutions \u2013 Grundlagenschulung<\/h4>\n<p>Diese Schulung soll Ihnen eine solide Grundlage f\u00fcr den Einsatz von ACTICO Compliance Solutions in Ihrer t\u00e4glichen Arbeit vermitteln. Am Ende des Kurses verf\u00fcgen Sie \u00fcber ein umfassendes Verst\u00e4ndnis der Komponenten von ACTICO Compliance Solutions und wissen, wie ACS Unternehmen beim Management von Risiken im Bereich Finanzkriminalit\u00e4t und Compliance unterst\u00fctzt. Dieser Kurs richtet sich an alle, die sich mit den wichtigsten Modulen und grundlegenden Konzepten vertraut machen m\u00f6chten, die die Basis von ACTICO Compliance Solutions bilden.<\/p>\n<p><b>Vorraussetzungen:<\/b> Vorkenntnisse sind nicht erforderlich, allerdings ist ein Grundverst\u00e4ndnis \u00fcber Compliance-Anforderungen notwendig.<\/p>\n<p><b>Bereitstellung:<\/b> Selbstlernen<\/p>\n<p><b>Zielgruppe:<\/b> f\u00fcr Anwender, die noch keine Erfahrung mit ACTICO Compliance Solutions haben<\/p>\n<p><b>Sprache:<\/b> Englisch, Deutsch<\/p>\n<p><b>Dauer:<\/b> ca. 4-5 Stunden, im eigenen Lerntempo<\/p>\n<p><strong>Inhalt:<\/strong> 6 Kurse mit insgesamt 21 Units<\/p>\n<p><b>Entwickelt f\u00fcr: <\/b>Compliance- und Geldw\u00e4sche-Beauftragte, Mitarbeitende im Risikomanagement und Fachexperten in der Compliance-Abteilung, aber auch f\u00fcr alle Personen, die f\u00fcr die Einhaltung der Vorschriften in ihrem jeweiligen Verantwortungsbereich verantwortlich sind.<\/p>\n<p><b>Kursgeb\u00fchr: 399\u20ac \/ Nutzer<\/b><\/p>\n<p><a class=\"c-btn c-btn__white u-mt-x3\" href=\"#booking\">Jetzt buchen<\/a><\/p>\n\n            <\/div>\n        <\/div><\/div>\n<\/section>\n\n\n<section id=\"et\" data-anchor-title=\"et\" class=\"m-media-text__container u-pt-x10 u-pb-x10 u-pt-x20@md u-pb-x20@md u-bgcolor-jet-down-rb\">\n    <div class=\"o-container u-relative\"><div class=\"o-grid\">\n            <div class=\"o-grid__col u-4\/12@md u-mb-x6 u-mb-x0@sm\" data-aos=\"fade-left\">\n                <img loading=\"lazy\" decoding=\"async\" src=\"https:\/\/www.actico.com\/wp-content\/uploads\/2025\/10\/ACS-Experts.jpg\" width=\"1280\" height=\"960\"srcset=\"https:\/\/www.actico.com\/wp-content\/uploads\/2025\/10\/ACS-Experts.jpg 1280w, https:\/\/www.actico.com\/wp-content\/uploads\/2025\/10\/ACS-Experts-300x225.jpg 300w, https:\/\/www.actico.com\/wp-content\/uploads\/2025\/10\/ACS-Experts-1240x930.jpg 1240w, https:\/\/www.actico.com\/wp-content\/uploads\/2025\/10\/ACS-Experts-768x576.jpg 768w\" sizes=\"auto, (max-width: 640px) 100vw, 640px\" alt=\"ACTICO Compliance Solutions Expert Training\" class=\"\"  \/>\n            <\/div>\n            <div class=\"o-grid__col u-8\/12@md\" data-aos=\"fade-left\">\n                <h4 class=\"u-color-electric-blue\">ACTICO Compliance Solutions \u2013 Expertenschulung<\/h4>\n<p>Diese Schulung vermittelt den Teilnehmern ein strukturiertes Verst\u00e4ndnis f\u00fcr die Konfiguration und Verwaltung der ACTICO Compliance Solutions. Der Kurs beginnt mit einer Einf\u00fchrung in Datenstrukturen und einen \u00dcberblick \u00fcber ACS-Modellierung, wodurch die Grundlagen f\u00fcr die Organisation und den Zugriff auf Informationen im System gelegt werden. Anschlie\u00dfend lernen die Teilnehmer ACS-Szenarien kennen und erfahren, wie diese entworfen, konfiguriert und an spezifische Compliance-Anforderungen angepasst werden k\u00f6nnen. Ein Schwerpunkt liegt auf Regelaggregationen f\u00fcr eine umfassendere, musterbasierte \u00dcberwachung, gefolgt von der Parametrisierung von Regeln und der Anpassung von Screening-Regeln an die Richtlinien des Unternehmens. Die Lernenden sammeln au\u00dferdem praktische Erfahrungen in der Simulation und Ver\u00f6ffentlichung von Szenarien, um sicherzustellen, dass Konfigurations\u00e4nderungen effektiv umgesetzt werden, sowie in der Definition von Risikoklassifizierungen zur Priorisierung und Kategorisierung potenzieller Compliance-Warnmeldungen. Abschlie\u00dfend behandelt der Kurs Workflows und zeigt, wie Warnmeldungen von der Erkennung bis zur L\u00f6sung durch strukturierte, \u00fcberpr\u00fcfbare Verfahren verarbeitet werden. Am Ende der Schulung sind die Teilnehmer in der Lage, Compliance-Szenarien zu erstellen, anzupassen und zu verwalten, die sowohl den regulatorischen Anforderungen als auch den betrieblichen Bed\u00fcrfnissen entsprechen.<\/p>\n<p class=\"u-color-pumpkin\"><b>Voraussetzungen:<\/b> Erfolgreicher Abschluss der ACS Grundlagenschulung sowie der relevanten Decision Management Platform Schulungen (Business Modeling, Advanced Business Modeling und Decision Platform Administration)<\/p>\n<p><b>Bereitstellung:<\/b> Selbstlernen<\/p>\n<p><b>Zielgruppe:<\/b> f\u00fcr Benutzer, welche die ACTICO Compliance Solutions konfigurieren, kalibrieren und warten m\u00fcssen<\/p>\n<p><b>Sprache:<\/b> Englisch, Deutsch<\/p>\n<p><b>Dauer:<\/b> ca. 5-6 Stunden, im eigenen Lerntempo<\/p>\n<p><b>Inhalt:<\/b> 6 Kurse mit insgesamt 18 Units<\/p>\n<p><b>Entwickelt f\u00fcr:<\/b> Compliance Business Analysten und Fachexperten in der Compliance-Abteilung, die \u00fcber ein eher technisches IT-Verst\u00e4ndnis verf\u00fcgen<\/p>\n<p><b>Kursgeb\u00fchr: <\/b><b>69<\/b><b>9\u20ac \/ Nutzer<\/b><\/p>\n<p><a class=\"c-btn c-btn__white u-mt-x3\" href=\"#\">Coming soon<\/a><\/p>\n\n            <\/div>\n        <\/div><\/div>\n<\/section>\n\n\n<section id=\"bbu\" data-anchor-title=\"bbu\" class=\"m-media-text__container u-pt-x10 u-pb-x10 u-pt-x20@md u-pb-x20@md u-bgcolor-glow-left-mb-rb\">\n    <div class=\"o-container u-relative\"><div class=\"o-grid\">\n            <div class=\"o-grid__col u-4\/12@md u-mb-x6 u-mb-x0@sm\" data-aos=\"fade-up\">\n                <img loading=\"lazy\" decoding=\"async\" src=\"https:\/\/www.actico.com\/wp-content\/uploads\/2025\/10\/Training-Bundle_-ACS.png\" width=\"1280\" height=\"960\"srcset=\"https:\/\/www.actico.com\/wp-content\/uploads\/2025\/10\/Training-Bundle_-ACS.png 1280w, https:\/\/www.actico.com\/wp-content\/uploads\/2025\/10\/Training-Bundle_-ACS-300x225.png 300w, https:\/\/www.actico.com\/wp-content\/uploads\/2025\/10\/Training-Bundle_-ACS-1240x930.png 1240w, https:\/\/www.actico.com\/wp-content\/uploads\/2025\/10\/Training-Bundle_-ACS-768x576.png 768w\" sizes=\"auto, (max-width: 640px) 100vw, 640px\" alt=\"ACTICO Compliance Solutions Expert Training Bundle\" class=\"\"  \/>\n            <\/div>\n            <div class=\"o-grid__col u-8\/12@md\" data-aos=\"fade-up\">\n                <h4 class=\"u-color-electric-blue\">ACTICO Compliance Solutions \u2013 Experten Bundle<\/h4>\n<p>Diese Schulungs-Bundle kombiniert<\/p>\n<ul>\n<li><b>\u201dACTICO Compliance Solutions &#8211; Grandlagenschulung\u201d<\/b><\/li>\n<li><b>\u201cACTICO Decision Management Platform &#8211; Business Modeling\u201d<\/b><\/li>\n<li><b>\u201c<\/b><b>ACTICO Decision Management Platform \u2013 <\/b><b>Adv. Business Modeling\u201d<\/b><\/li>\n<li><b>\u201c<\/b><b>ACTICO Decision Management Platform &#8211; <\/b><b>Administration\u201d<\/b><\/li>\n<li><b>\u201cACTICO Compliance Solutions &#8211; Expertenschulung\u201d<\/b><\/li>\n<\/ul>\n<p>um den Teilnehmern ein ganzheitliches Verst\u00e4ndnis der ACTICO Compliance Solutions zu vermitteln. Lernen Sie wichtige Konzepte, Komponenten und Modellierungstechniken kennen, um Regelabl\u00e4ufe f\u00fcr Compliance-Szenarien zu erstellen und zu verwalten. Entwickeln Sie Kenntnisse in der Konfiguration und Verwaltung der ACTICO Compliance Solutions, damit Sie eine robuste Umgebung f\u00fcr die Einhaltung gesetzlicher Vorschriften aufbauen k\u00f6nnen. Geeignet f\u00fcr alle, die daran interessiert sind, die gesamten Funktionen von ACTICO Compliance zu nutzen. Die Kombination dieser Kurse ist die Grundlage zur Zulassung f\u00fcr die ACTICO Compliance Solutions Zertifizierung.<\/p>\n<p class=\"u-color-electric-blue\">Sparen Sie 597\u20ac und zahlen nur<b>\u00a01<\/b><b>8<\/b><b>99\u20ac!<\/b><\/p>\n<p><a class=\"c-btn c-btn__white u-mt-x3\" href=\"#\">Coming soon<\/a><\/p>\n\n            <\/div>\n        <\/div><\/div>\n<\/section>\n\n\n<section id=\"booking\" data-anchor-title=\"booking\" class=\"u-relative m-form__container u-pt-x10 u-pb-x10 u-pt-x20@md u-pb-x20@md u-bgcolor-skyfall-mb-to-rb\"><div class=\"o-container u-relative\"><div class=\"o-grid o-grid--center\"><article class=\"o-grid__col u-6\/12@md\"><h3 style=\"text-align: left;\">Jetzt f\u00fcr die ACTICO Academy registrieren!<\/h3>\n<p>Wenn Sie Fragen haben, k\u00f6nnen Sie sich per E-Mail an <a class=\"u-color-electric-blue\" href=\"mailto:academy@actico.com\">academy@actico.com<\/a> wenden, und wir werden Ihnen so schnell wie m\u00f6glich antworten.<\/p>\n<\/article><div class=\"o-grid__col u-6\/12@md\">\n                <div id=\"form__container--7\" class=\"hbspt-form\">                        <script>\n                          hbspt.forms.create({\n                            portalId: \"5086842\",\n                            target: '#form__container--7',\n                            formId: \"08fc063e-c49c-4b41-ab95-0fbcb5940614\"\n                                                                                });\n                        <\/script>\n                    \n                <\/div>\n            <\/div>\n        <\/div>\n    <\/div>\n<\/section>\n\n\n<section id=\"m-text__container-block_ac1686f4998fddf2cee86ed117b6394c\" class=\"u-relative m-text__container u-pt-x10 u-pb-x10 u-pt-x20@md u-pb-x20@md u-bgcolor-royal-blue\"><div class=\"o-container u-relative\"><div class=\"o-grid o-grid--center\">\n                <div class=\"o-grid__col u-10\/12@md\" data-aos=\"fade\">\n                    <h2 style=\"text-align: center;\">Haben Sie noch Fragen?<\/h2>\n<p style=\"text-align: center;\"><a class=\"c-btn c-btn__white u-mt-x3\" href=\"mailto:academy@actico.com\" target=\"_blank\" rel=\"noopener\">Kontaktieren Sie uns!<\/a><\/p>\n\n                <\/div>\n        <\/div><\/div>\n<\/section>","protected":false},"excerpt":{"rendered":"","protected":false},"author":3,"featured_media":0,"parent":6938,"menu_order":2,"comment_status":"closed","ping_status":"closed","template":"","format":[],"meta":{"_acf_changed":false,"footnotes":""},"business_unit":[],"industry":[],"other-tag":[],"process":[],"class_list":["post-9263","page","type-page","status-publish","hentry"],"acf":[],"yoast_head":"<!-- This site is optimized with the Yoast SEO Premium plugin v27.2 (Yoast SEO v27.2) - https:\/\/yoast.com\/product\/yoast-seo-premium-wordpress\/ -->\n<title>Compliance Solutions | ACTICO Academy<\/title>\n<meta name=\"robots\" content=\"index, follow, max-snippet:-1, max-image-preview:large, max-video-preview:-1\" \/>\n<link rel=\"canonical\" href=\"https:\/\/www.actico.com\/de\/academy\/acs\/\" \/>\n<meta property=\"og:locale\" content=\"de_DE\" \/>\n<meta property=\"og:type\" content=\"article\" \/>\n<meta property=\"og:title\" content=\"Compliance Solutions\" \/>\n<meta property=\"og:url\" content=\"https:\/\/www.actico.com\/de\/academy\/acs\/\" \/>\n<meta property=\"og:site_name\" content=\"ACTICO\" \/>\n<meta property=\"article:modified_time\" content=\"2026-03-23T13:29:05+00:00\" \/>\n<meta name=\"twitter:card\" content=\"summary_large_image\" \/>\n<meta name=\"twitter:site\" content=\"@ACTICO_en\" \/>\n<meta name=\"twitter:label1\" content=\"Gesch\u00e4tzte Lesezeit\" \/>\n\t<meta name=\"twitter:data1\" content=\"5\u00a0Minuten\" \/>\n<script type=\"application\/ld+json\" class=\"yoast-schema-graph\">{\"@context\":\"https:\/\/schema.org\",\"@graph\":[{\"@type\":\"WebPage\",\"@id\":\"https:\/\/www.actico.com\/de\/academy\/acs\/\",\"url\":\"https:\/\/www.actico.com\/de\/academy\/acs\/\",\"name\":\"Compliance Solutions | ACTICO Academy\",\"isPartOf\":{\"@id\":\"https:\/\/www.actico.com\/de\/#website\"},\"datePublished\":\"2025-11-03T12:06:54+00:00\",\"dateModified\":\"2026-03-23T13:29:05+00:00\",\"breadcrumb\":{\"@id\":\"https:\/\/www.actico.com\/de\/academy\/acs\/#breadcrumb\"},\"inLanguage\":\"de\",\"potentialAction\":[{\"@type\":\"ReadAction\",\"target\":[\"https:\/\/www.actico.com\/de\/academy\/acs\/\"]}]},{\"@type\":\"BreadcrumbList\",\"@id\":\"https:\/\/www.actico.com\/de\/academy\/acs\/#breadcrumb\",\"itemListElement\":[{\"@type\":\"ListItem\",\"position\":1,\"name\":\"Startseite\",\"item\":\"https:\/\/www.actico.com\/de\/\"},{\"@type\":\"ListItem\",\"position\":2,\"name\":\"Academy\",\"item\":\"https:\/\/www.actico.com\/de\/academy\/\"},{\"@type\":\"ListItem\",\"position\":3,\"name\":\"Compliance Solutions\"}]},{\"@type\":\"WebSite\",\"@id\":\"https:\/\/www.actico.com\/de\/#website\",\"url\":\"https:\/\/www.actico.com\/de\/\",\"name\":\"ACTICO\",\"description\":\"\",\"publisher\":{\"@id\":\"https:\/\/www.actico.com\/de\/#organization\"},\"potentialAction\":[{\"@type\":\"SearchAction\",\"target\":{\"@type\":\"EntryPoint\",\"urlTemplate\":\"https:\/\/www.actico.com\/de\/?s={search_term_string}\"},\"query-input\":{\"@type\":\"PropertyValueSpecification\",\"valueRequired\":true,\"valueName\":\"search_term_string\"}}],\"inLanguage\":\"de\"},{\"@type\":\"Organization\",\"@id\":\"https:\/\/www.actico.com\/de\/#organization\",\"name\":\"ACTICO\",\"url\":\"https:\/\/www.actico.com\/de\/\",\"logo\":{\"@type\":\"ImageObject\",\"inLanguage\":\"de\",\"@id\":\"https:\/\/www.actico.com\/de\/#\/schema\/logo\/image\/\",\"url\":\"https:\/\/www.actico.com\/wp-content\/uploads\/2025\/07\/Actico_Logo_rgb_2024_midnight-blue.svg\",\"contentUrl\":\"https:\/\/www.actico.com\/wp-content\/uploads\/2025\/07\/Actico_Logo_rgb_2024_midnight-blue.svg\",\"width\":120,\"height\":34,\"caption\":\"ACTICO\"},\"image\":{\"@id\":\"https:\/\/www.actico.com\/de\/#\/schema\/logo\/image\/\"},\"sameAs\":[\"https:\/\/x.com\/ACTICO_en\",\"https:\/\/x.com\/ACTICO_de\",\"https:\/\/www.linkedin.com\/company\/actico\",\"https:\/\/www.xing.com\/pages\/acticogmbh\"],\"description\":\"Intelligent software solutions from ACTICO support banks and insurance companies in credit risk management, corporate lending and compliance. Drive the digital transformation and optimize your business processes.\",\"email\":\"info@actico.com\",\"telephone\":\"Tel. +49 7541 39726\",\"legalName\":\"ACTICO GmbH\",\"numberOfEmployees\":{\"@type\":\"QuantitativeValue\",\"minValue\":\"201\",\"maxValue\":\"500\"}}]}<\/script>\n<!-- \/ Yoast SEO Premium plugin. -->","yoast_head_json":{"title":"Compliance Solutions | ACTICO Academy","robots":{"index":"index","follow":"follow","max-snippet":"max-snippet:-1","max-image-preview":"max-image-preview:large","max-video-preview":"max-video-preview:-1"},"canonical":"https:\/\/www.actico.com\/de\/academy\/acs\/","og_locale":"de_DE","og_type":"article","og_title":"Compliance Solutions","og_url":"https:\/\/www.actico.com\/de\/academy\/acs\/","og_site_name":"ACTICO","article_modified_time":"2026-03-23T13:29:05+00:00","twitter_card":"summary_large_image","twitter_site":"@ACTICO_en","twitter_misc":{"Gesch\u00e4tzte Lesezeit":"5\u00a0Minuten"},"schema":{"@context":"https:\/\/schema.org","@graph":[{"@type":"WebPage","@id":"https:\/\/www.actico.com\/de\/academy\/acs\/","url":"https:\/\/www.actico.com\/de\/academy\/acs\/","name":"Compliance Solutions | ACTICO Academy","isPartOf":{"@id":"https:\/\/www.actico.com\/de\/#website"},"datePublished":"2025-11-03T12:06:54+00:00","dateModified":"2026-03-23T13:29:05+00:00","breadcrumb":{"@id":"https:\/\/www.actico.com\/de\/academy\/acs\/#breadcrumb"},"inLanguage":"de","potentialAction":[{"@type":"ReadAction","target":["https:\/\/www.actico.com\/de\/academy\/acs\/"]}]},{"@type":"BreadcrumbList","@id":"https:\/\/www.actico.com\/de\/academy\/acs\/#breadcrumb","itemListElement":[{"@type":"ListItem","position":1,"name":"Startseite","item":"https:\/\/www.actico.com\/de\/"},{"@type":"ListItem","position":2,"name":"Academy","item":"https:\/\/www.actico.com\/de\/academy\/"},{"@type":"ListItem","position":3,"name":"Compliance Solutions"}]},{"@type":"WebSite","@id":"https:\/\/www.actico.com\/de\/#website","url":"https:\/\/www.actico.com\/de\/","name":"ACTICO","description":"","publisher":{"@id":"https:\/\/www.actico.com\/de\/#organization"},"potentialAction":[{"@type":"SearchAction","target":{"@type":"EntryPoint","urlTemplate":"https:\/\/www.actico.com\/de\/?s={search_term_string}"},"query-input":{"@type":"PropertyValueSpecification","valueRequired":true,"valueName":"search_term_string"}}],"inLanguage":"de"},{"@type":"Organization","@id":"https:\/\/www.actico.com\/de\/#organization","name":"ACTICO","url":"https:\/\/www.actico.com\/de\/","logo":{"@type":"ImageObject","inLanguage":"de","@id":"https:\/\/www.actico.com\/de\/#\/schema\/logo\/image\/","url":"https:\/\/www.actico.com\/wp-content\/uploads\/2025\/07\/Actico_Logo_rgb_2024_midnight-blue.svg","contentUrl":"https:\/\/www.actico.com\/wp-content\/uploads\/2025\/07\/Actico_Logo_rgb_2024_midnight-blue.svg","width":120,"height":34,"caption":"ACTICO"},"image":{"@id":"https:\/\/www.actico.com\/de\/#\/schema\/logo\/image\/"},"sameAs":["https:\/\/x.com\/ACTICO_en","https:\/\/x.com\/ACTICO_de","https:\/\/www.linkedin.com\/company\/actico","https:\/\/www.xing.com\/pages\/acticogmbh"],"description":"Intelligent software solutions from ACTICO support banks and insurance companies in credit risk management, corporate lending and compliance. Drive the digital transformation and optimize your business processes.","email":"info@actico.com","telephone":"Tel. +49 7541 39726","legalName":"ACTICO GmbH","numberOfEmployees":{"@type":"QuantitativeValue","minValue":"201","maxValue":"500"}}]}},"_links":{"self":[{"href":"https:\/\/www.actico.com\/de\/wp-json\/wp\/v2\/pages\/9263","targetHints":{"allow":["GET"]}}],"collection":[{"href":"https:\/\/www.actico.com\/de\/wp-json\/wp\/v2\/pages"}],"about":[{"href":"https:\/\/www.actico.com\/de\/wp-json\/wp\/v2\/types\/page"}],"author":[{"embeddable":true,"href":"https:\/\/www.actico.com\/de\/wp-json\/wp\/v2\/users\/3"}],"replies":[{"embeddable":true,"href":"https:\/\/www.actico.com\/de\/wp-json\/wp\/v2\/comments?post=9263"}],"version-history":[{"count":3,"href":"https:\/\/www.actico.com\/de\/wp-json\/wp\/v2\/pages\/9263\/revisions"}],"predecessor-version":[{"id":9960,"href":"https:\/\/www.actico.com\/de\/wp-json\/wp\/v2\/pages\/9263\/revisions\/9960"}],"up":[{"embeddable":true,"href":"https:\/\/www.actico.com\/de\/wp-json\/wp\/v2\/pages\/6938"}],"wp:attachment":[{"href":"https:\/\/www.actico.com\/de\/wp-json\/wp\/v2\/media?parent=9263"}],"wp:term":[{"taxonomy":"business_unit","embeddable":true,"href":"https:\/\/www.actico.com\/de\/wp-json\/wp\/v2\/business_unit?post=9263"},{"taxonomy":"format","embeddable":true,"href":"https:\/\/www.actico.com\/de\/wp-json\/wp\/v2\/format?post=9263"},{"taxonomy":"industry","embeddable":true,"href":"https:\/\/www.actico.com\/de\/wp-json\/wp\/v2\/industry?post=9263"},{"taxonomy":"other-tag","embeddable":true,"href":"https:\/\/www.actico.com\/de\/wp-json\/wp\/v2\/other-tag?post=9263"},{"taxonomy":"process","embeddable":true,"href":"https:\/\/www.actico.com\/de\/wp-json\/wp\/v2\/process?post=9263"}],"curies":[{"name":"wp","href":"https:\/\/api.w.org\/{rel}","templated":true}]}}