{"id":7259,"date":"2025-06-13T22:10:32","date_gmt":"2025-06-13T22:10:32","guid":{"rendered":"https:\/\/p-c72cr2.project.space\/?page_id=7259"},"modified":"2025-09-24T09:39:05","modified_gmt":"2025-09-24T09:39:05","slug":"rechtliche-hinweise","status":"publish","type":"page","link":"https:\/\/www.actico.com\/de\/rechtliche-hinweise\/","title":{"rendered":"Rechtliche Hinweise der ACTICO GmbH"},"content":{"rendered":"\n<section id=\"m-text__container-block_3e1703e715c6a9872f504846acdfd03f\" class=\"u-relative m-text__container u-pt-x10 u-pb-x10 u-pt-x20@md u-pb-x20@md\"><figure class=\"u-image--overlay u-absolute u-pos--top u-full--width u-full--height\"><img loading=\"lazy\" decoding=\"async\" src=\"https:\/\/www.actico.com\/wp-content\/uploads\/2025\/07\/Actico_Element_16-9_Verauf-eb-mb-rb_300-1024x576.jpg\" width=\"1024\" height=\"576\"srcset=\"https:\/\/www.actico.com\/wp-content\/uploads\/2025\/07\/Actico_Element_16-9_Verauf-eb-mb-rb_300-1024x576.jpg 1024w, https:\/\/www.actico.com\/wp-content\/uploads\/2025\/07\/Actico_Element_16-9_Verauf-eb-mb-rb_300-300x169.jpg 300w, https:\/\/www.actico.com\/wp-content\/uploads\/2025\/07\/Actico_Element_16-9_Verauf-eb-mb-rb_300-768x432.jpg 768w, https:\/\/www.actico.com\/wp-content\/uploads\/2025\/07\/Actico_Element_16-9_Verauf-eb-mb-rb_300-1536x864.jpg 1536w, https:\/\/www.actico.com\/wp-content\/uploads\/2025\/07\/Actico_Element_16-9_Verauf-eb-mb-rb_300-2048x1152.jpg 2048w\" sizes=\"auto, (max-width: 1920px) 100vw, 1920px\" alt=\"Actico_Element_16-9_Verauf eb-mb-rb_300\" class=\"u-image--cover\"  \/><\/figure><div class=\"o-container u-relative\"><div class=\"o-grid\">\n                <div class=\"o-grid__col u-10\/12@md\" data-aos=\"fade\">\n                    <h1>Rechtliche Hinweise<\/h1>\n<h2>Haftungsausschluss<\/h2>\n\n                <\/div>\n        <\/div><\/div>\n<\/section>\n\n\n<section id=\"m-text__container-block_3b8afb880415b24c59cb7b12999be485\" class=\"u-relative m-text__container u-pt-x10 u-pb-x10 u-pt-x20@md u-pb-x20@md\"><div class=\"o-container u-relative\"><div class=\"o-grid\">\n                <div class=\"o-grid__col u-10\/12@md\" data-aos=\"none\">\n                    <p>Die Website wird von der ACTICO GmbH betrieben; jegliche Rechte an der Website stehen der ACTICO GmbH zu. Die ACTICO GmbH \u00fcbernimmt keinerlei Haftung f\u00fcr indirekte, mittelbare oder zuf\u00e4llige Sch\u00e4den oder Folgesch\u00e4den, die durch oder in Folge der Benutzung dieser Website auftreten. S\u00e4mtliche \u00fcber die Website ver\u00f6ffentlichten Informationen werden seitens der ACTICO GmbH nach bestem Wissen zur Verf\u00fcgung gestellt. All diese Informationen begr\u00fcnden jedoch &#8211; soweit gesetzlich zul\u00e4ssig &#8211; weder eine Garantie oder Zusage noch eine Haftung seitens der ACTICO GmbH.<\/p>\n<p>Die ACTICO GmbH kann diese Website nach eigenem Ermessen und ohne \u00dcbernahme einer Haftung jederzeit ohne Ank\u00fcndigung ganz oder teilweise ver\u00e4ndern und deren Betrieb einstellen. Durch das Setzen eines Links zu fremden Websites (&#8222;Hyperlinks&#8220;) macht sich die ACTICO GmbH weder diese Website noch deren Inhalt zu Eigen. Ferner ist die ACTICO GmbH nicht verantwortlich f\u00fcr die Verf\u00fcgbarkeit dieser Websites oder von deren Inhalten.<\/p>\n<h3>Hinweis: Allgemeines Gleichbehandlungsgesetz (AGG)<\/h3>\n<p>Aus Gr\u00fcnden der leichteren Lesbarkeit wird auf eine geschlechterspezifische Differenzierung verzichtet. Entsprechende Begriffe gelten im Sinne der Gleichbehandlung f\u00fcr beide Geschlechter.<\/p>\n<h3>Dieses Impressum und die Erkl\u00e4rung zum Datenschutz wurde erstellt von:<\/h3>\n<p>DDSK GmbH &#8211; <a href=\"http:\/\/www.deutsche-datenschutzkanzlei.de\/\" target=\"_blank\" rel=\"noopener\">www.deutsche-datenschutzkanzlei.de\u00a0<\/a><\/p>\n\n                <\/div>\n        <\/div><\/div>\n<\/section>","protected":false},"excerpt":{"rendered":"","protected":false},"author":3,"featured_media":0,"parent":0,"menu_order":29,"comment_status":"closed","ping_status":"closed","template":"","format":[],"meta":{"_acf_changed":false,"footnotes":""},"business_unit":[],"industry":[],"other-tag":[],"process":[],"class_list":["post-7259","page","type-page","status-publish","hentry"],"acf":[],"yoast_head":"<!-- This site is optimized with the Yoast SEO Premium plugin v27.4 (Yoast SEO v27.4) - https:\/\/yoast.com\/product\/yoast-seo-premium-wordpress\/ -->\n<title>Rechtliche Hinweise der ACTICO GmbH | ACTICO<\/title>\n<meta name=\"robots\" content=\"noindex, follow\" \/>\n<meta property=\"og:locale\" content=\"de_DE\" \/>\n<meta property=\"og:type\" content=\"article\" \/>\n<meta property=\"og:title\" content=\"Rechtliche Hinweise der ACTICO GmbH\" \/>\n<meta property=\"og:url\" content=\"https:\/\/www.actico.com\/de\/rechtliche-hinweise\/\" \/>\n<meta property=\"og:site_name\" content=\"ACTICO\" \/>\n<meta property=\"article:modified_time\" content=\"2025-09-24T09:39:05+00:00\" \/>\n<meta name=\"twitter:card\" content=\"summary_large_image\" \/>\n<meta name=\"twitter:site\" content=\"@ACTICO_en\" \/>\n<script type=\"application\/ld+json\" class=\"yoast-schema-graph\">{\"@context\":\"https:\\\/\\\/schema.org\",\"@graph\":[{\"@type\":\"WebPage\",\"@id\":\"https:\\\/\\\/www.actico.com\\\/de\\\/rechtliche-hinweise\\\/\",\"url\":\"https:\\\/\\\/www.actico.com\\\/de\\\/rechtliche-hinweise\\\/\",\"name\":\"Rechtliche Hinweise der ACTICO GmbH | ACTICO\",\"isPartOf\":{\"@id\":\"https:\\\/\\\/www.actico.com\\\/de\\\/#website\"},\"datePublished\":\"2025-06-13T22:10:32+00:00\",\"dateModified\":\"2025-09-24T09:39:05+00:00\",\"breadcrumb\":{\"@id\":\"https:\\\/\\\/www.actico.com\\\/de\\\/rechtliche-hinweise\\\/#breadcrumb\"},\"inLanguage\":\"de\",\"potentialAction\":[{\"@type\":\"ReadAction\",\"target\":[\"https:\\\/\\\/www.actico.com\\\/de\\\/rechtliche-hinweise\\\/\"]}]},{\"@type\":\"BreadcrumbList\",\"@id\":\"https:\\\/\\\/www.actico.com\\\/de\\\/rechtliche-hinweise\\\/#breadcrumb\",\"itemListElement\":[{\"@type\":\"ListItem\",\"position\":1,\"name\":\"Startseite\",\"item\":\"https:\\\/\\\/www.actico.com\\\/de\\\/\"},{\"@type\":\"ListItem\",\"position\":2,\"name\":\"Rechtliche Hinweise der ACTICO GmbH\"}]},{\"@type\":\"WebSite\",\"@id\":\"https:\\\/\\\/www.actico.com\\\/de\\\/#website\",\"url\":\"https:\\\/\\\/www.actico.com\\\/de\\\/\",\"name\":\"ACTICO\",\"description\":\"\",\"publisher\":{\"@id\":\"https:\\\/\\\/www.actico.com\\\/de\\\/#organization\"},\"potentialAction\":[{\"@type\":\"SearchAction\",\"target\":{\"@type\":\"EntryPoint\",\"urlTemplate\":\"https:\\\/\\\/www.actico.com\\\/de\\\/?s={search_term_string}\"},\"query-input\":{\"@type\":\"PropertyValueSpecification\",\"valueRequired\":true,\"valueName\":\"search_term_string\"}}],\"inLanguage\":\"de\"},{\"@type\":\"Organization\",\"@id\":\"https:\\\/\\\/www.actico.com\\\/de\\\/#organization\",\"name\":\"ACTICO\",\"url\":\"https:\\\/\\\/www.actico.com\\\/de\\\/\",\"logo\":{\"@type\":\"ImageObject\",\"inLanguage\":\"de\",\"@id\":\"https:\\\/\\\/www.actico.com\\\/de\\\/#\\\/schema\\\/logo\\\/image\\\/\",\"url\":\"https:\\\/\\\/www.actico.com\\\/wp-content\\\/uploads\\\/2025\\\/07\\\/Actico_Logo_rgb_2024_midnight-blue.svg\",\"contentUrl\":\"https:\\\/\\\/www.actico.com\\\/wp-content\\\/uploads\\\/2025\\\/07\\\/Actico_Logo_rgb_2024_midnight-blue.svg\",\"width\":120,\"height\":34,\"caption\":\"ACTICO\"},\"image\":{\"@id\":\"https:\\\/\\\/www.actico.com\\\/de\\\/#\\\/schema\\\/logo\\\/image\\\/\"},\"sameAs\":[\"https:\\\/\\\/x.com\\\/ACTICO_en\",\"https:\\\/\\\/x.com\\\/ACTICO_de\",\"https:\\\/\\\/www.linkedin.com\\\/company\\\/actico\",\"https:\\\/\\\/www.xing.com\\\/pages\\\/acticogmbh\"],\"description\":\"Intelligent software solutions from ACTICO support banks and insurance companies in credit risk management, corporate lending and compliance. Drive the digital transformation and optimize your business processes.\",\"email\":\"info@actico.com\",\"telephone\":\"Tel. +49 7541 39726\",\"legalName\":\"ACTICO GmbH\",\"numberOfEmployees\":{\"@type\":\"QuantitativeValue\",\"minValue\":\"201\",\"maxValue\":\"500\"}}]}<\/script>\n<!-- \/ Yoast SEO Premium plugin. -->","yoast_head_json":{"title":"Rechtliche Hinweise der ACTICO GmbH | ACTICO","robots":{"index":"noindex","follow":"follow"},"og_locale":"de_DE","og_type":"article","og_title":"Rechtliche Hinweise der ACTICO GmbH","og_url":"https:\/\/www.actico.com\/de\/rechtliche-hinweise\/","og_site_name":"ACTICO","article_modified_time":"2025-09-24T09:39:05+00:00","twitter_card":"summary_large_image","twitter_site":"@ACTICO_en","schema":{"@context":"https:\/\/schema.org","@graph":[{"@type":"WebPage","@id":"https:\/\/www.actico.com\/de\/rechtliche-hinweise\/","url":"https:\/\/www.actico.com\/de\/rechtliche-hinweise\/","name":"Rechtliche Hinweise der ACTICO GmbH | ACTICO","isPartOf":{"@id":"https:\/\/www.actico.com\/de\/#website"},"datePublished":"2025-06-13T22:10:32+00:00","dateModified":"2025-09-24T09:39:05+00:00","breadcrumb":{"@id":"https:\/\/www.actico.com\/de\/rechtliche-hinweise\/#breadcrumb"},"inLanguage":"de","potentialAction":[{"@type":"ReadAction","target":["https:\/\/www.actico.com\/de\/rechtliche-hinweise\/"]}]},{"@type":"BreadcrumbList","@id":"https:\/\/www.actico.com\/de\/rechtliche-hinweise\/#breadcrumb","itemListElement":[{"@type":"ListItem","position":1,"name":"Startseite","item":"https:\/\/www.actico.com\/de\/"},{"@type":"ListItem","position":2,"name":"Rechtliche Hinweise der ACTICO GmbH"}]},{"@type":"WebSite","@id":"https:\/\/www.actico.com\/de\/#website","url":"https:\/\/www.actico.com\/de\/","name":"ACTICO","description":"","publisher":{"@id":"https:\/\/www.actico.com\/de\/#organization"},"potentialAction":[{"@type":"SearchAction","target":{"@type":"EntryPoint","urlTemplate":"https:\/\/www.actico.com\/de\/?s={search_term_string}"},"query-input":{"@type":"PropertyValueSpecification","valueRequired":true,"valueName":"search_term_string"}}],"inLanguage":"de"},{"@type":"Organization","@id":"https:\/\/www.actico.com\/de\/#organization","name":"ACTICO","url":"https:\/\/www.actico.com\/de\/","logo":{"@type":"ImageObject","inLanguage":"de","@id":"https:\/\/www.actico.com\/de\/#\/schema\/logo\/image\/","url":"https:\/\/www.actico.com\/wp-content\/uploads\/2025\/07\/Actico_Logo_rgb_2024_midnight-blue.svg","contentUrl":"https:\/\/www.actico.com\/wp-content\/uploads\/2025\/07\/Actico_Logo_rgb_2024_midnight-blue.svg","width":120,"height":34,"caption":"ACTICO"},"image":{"@id":"https:\/\/www.actico.com\/de\/#\/schema\/logo\/image\/"},"sameAs":["https:\/\/x.com\/ACTICO_en","https:\/\/x.com\/ACTICO_de","https:\/\/www.linkedin.com\/company\/actico","https:\/\/www.xing.com\/pages\/acticogmbh"],"description":"Intelligent software solutions from ACTICO support banks and insurance companies in credit risk management, corporate lending and compliance. Drive the digital transformation and optimize your business processes.","email":"info@actico.com","telephone":"Tel. +49 7541 39726","legalName":"ACTICO GmbH","numberOfEmployees":{"@type":"QuantitativeValue","minValue":"201","maxValue":"500"}}]}},"_links":{"self":[{"href":"https:\/\/www.actico.com\/de\/wp-json\/wp\/v2\/pages\/7259","targetHints":{"allow":["GET"]}}],"collection":[{"href":"https:\/\/www.actico.com\/de\/wp-json\/wp\/v2\/pages"}],"about":[{"href":"https:\/\/www.actico.com\/de\/wp-json\/wp\/v2\/types\/page"}],"author":[{"embeddable":true,"href":"https:\/\/www.actico.com\/de\/wp-json\/wp\/v2\/users\/3"}],"replies":[{"embeddable":true,"href":"https:\/\/www.actico.com\/de\/wp-json\/wp\/v2\/comments?post=7259"}],"version-history":[{"count":2,"href":"https:\/\/www.actico.com\/de\/wp-json\/wp\/v2\/pages\/7259\/revisions"}],"predecessor-version":[{"id":8455,"href":"https:\/\/www.actico.com\/de\/wp-json\/wp\/v2\/pages\/7259\/revisions\/8455"}],"wp:attachment":[{"href":"https:\/\/www.actico.com\/de\/wp-json\/wp\/v2\/media?parent=7259"}],"wp:term":[{"taxonomy":"business_unit","embeddable":true,"href":"https:\/\/www.actico.com\/de\/wp-json\/wp\/v2\/business_unit?post=7259"},{"taxonomy":"format","embeddable":true,"href":"https:\/\/www.actico.com\/de\/wp-json\/wp\/v2\/format?post=7259"},{"taxonomy":"industry","embeddable":true,"href":"https:\/\/www.actico.com\/de\/wp-json\/wp\/v2\/industry?post=7259"},{"taxonomy":"other-tag","embeddable":true,"href":"https:\/\/www.actico.com\/de\/wp-json\/wp\/v2\/other-tag?post=7259"},{"taxonomy":"process","embeddable":true,"href":"https:\/\/www.actico.com\/de\/wp-json\/wp\/v2\/process?post=7259"}],"curies":[{"name":"wp","href":"https:\/\/api.w.org\/{rel}","templated":true}]}}