{"id":7254,"date":"2019-05-17T13:59:28","date_gmt":"2019-05-17T13:59:28","guid":{"rendered":"https:\/\/p-c72cr2.project.space\/?page_id=7254"},"modified":"2026-03-03T08:17:27","modified_gmt":"2026-03-03T08:17:27","slug":"impressum","status":"publish","type":"page","link":"https:\/\/www.actico.com\/de\/impressum\/","title":{"rendered":"Impressum"},"content":{"rendered":"\n<section id=\"m-text__container-block_3e78bd8ac681033e91295a90b1f0a314\" class=\"u-relative m-text__container u-pt-x10 u-pb-x10 u-pt-x20@md u-pb-x20@md u-bgcolor-midnight-blue\"><figure class=\"u-image--overlay u-absolute u-pos--top u-full--width u-full--height\"><img loading=\"lazy\" decoding=\"async\" src=\"https:\/\/www.actico.com\/wp-content\/uploads\/2025\/07\/Actico_Element_16-9_Verauf-eb-mb-rb_300-1024x576.jpg\" width=\"1024\" height=\"576\"srcset=\"https:\/\/www.actico.com\/wp-content\/uploads\/2025\/07\/Actico_Element_16-9_Verauf-eb-mb-rb_300-1024x576.jpg 1024w, https:\/\/www.actico.com\/wp-content\/uploads\/2025\/07\/Actico_Element_16-9_Verauf-eb-mb-rb_300-300x169.jpg 300w, https:\/\/www.actico.com\/wp-content\/uploads\/2025\/07\/Actico_Element_16-9_Verauf-eb-mb-rb_300-768x432.jpg 768w, https:\/\/www.actico.com\/wp-content\/uploads\/2025\/07\/Actico_Element_16-9_Verauf-eb-mb-rb_300-1536x864.jpg 1536w, https:\/\/www.actico.com\/wp-content\/uploads\/2025\/07\/Actico_Element_16-9_Verauf-eb-mb-rb_300-2048x1152.jpg 2048w\" sizes=\"auto, (max-width: 1920px) 100vw, 1920px\" alt=\"Actico_Element_16-9_Verauf eb-mb-rb_300\" class=\"u-image--cover\"  \/><\/figure><div class=\"o-container u-relative\"><div class=\"o-grid\">\n                <div class=\"o-grid__col u-10\/12@md\" data-aos=\"fade\">\n                    <h1>Impressum<\/h1>\n\n                <\/div>\n        <\/div><\/div>\n<\/section>\n\n\n<section id=\"m-text__container-block_0b4e078b543b5ad426b3543183ab8585\" class=\"u-relative m-text__container u-pt-x10 u-pb-x10 u-pt-x20@md u-pb-x20@md\"><div class=\"o-container u-relative\"><div class=\"o-grid\">\n                <div class=\"o-grid__col u-10\/12@md\" data-aos=\"none\">\n                    <p class=\"o-type-large\">Kombinationsimpressum (Anbieterkennzeichnung) aus Digitale-Dienste-Gesetz (DDG), Medienstaatsvertrag (MStV) und Informationen gem\u00e4\u00df Dienstleistungs-Informationspflichten-Verordnung (DL-InfoV) basierend auf der EU-Dienstleistungsrichtlinie (RL 2006\/123\/EG Amtsblatt der EU2006, L376\/36 \u201eDRLR\u201c)<\/p>\n<p class=\"o-type-large\">Informationen gem\u00e4\u00df \u00a7 2 Absatz 1 Dienstleistungs-Informationspflichten-Verordnung (DL-InfoV).<\/p>\n<h4>Herausgeber &amp; Dienstanbieter<\/h4>\n<p>Die ACTICO-Webseiten sind ein Informationsangebot der ACTICO GmbH.<\/p>\n<h4>Verantwortlicher<\/h4>\n<p>ACTICO GmbH<br \/>\nCharlottenstra\u00dfe 2<br \/>\nD \u2013 88045 Friedrichshafen\/Germany<br \/>\nTel. +49 <span class=\"TextRun SCXW253393599 BCX8\" lang=\"DE-DE\" xml:lang=\"DE-DE\" data-contrast=\"auto\"><span class=\"NormalTextRun SCXW253393599 BCX8\">7541 39726-0<\/span><\/span><br \/>\nFax +49 <span class=\"TextRun SCXW253393599 BCX8\" lang=\"DE-DE\" xml:lang=\"DE-DE\" data-contrast=\"auto\"><span class=\"NormalTextRun SCXW253393599 BCX8\">7541 39726<\/span><\/span>-200<br \/>\nE-Mail:\u00a0<a href=\"mailto:info@actico.com\">info@actico.com<\/a><\/p>\n<p>Amtsgericht Ulm, HRB 731152<\/p>\n<h4>Vertreten durch die Gesch\u00e4ftsf\u00fchrer<\/h4>\n<p>Hans J\u00fcrgen Rieder<br \/>\nThomas Kn\u00f6pfler<br \/>\nThomas Meyer<br \/>\nClaus Petersen<\/p>\n<p>Finanzamt <span data-olk-copy-source=\"MessageBody\">Friedrichshafen<\/span><br \/>\nUSt.-Id-Nr. DE 296 339 547<\/p>\n<h4>Merkmale der Dienstleistung der ACTICO GmbH:<\/h4>\n<p>ACTICO ist ein f\u00fchrender international agierender Anbieter von Softwarel\u00f6sungen und -technologien f\u00fcr das Decision Management.<\/p>\n<h4>Kontakt \/ Beschwerden<\/h4>\n<p>Sie erreichen unseren Kundendienst f\u00fcr Fragen, Reklamationen und Beanstandungen werktags von 07.00 Uhr bis 17.00 Uhr unter der Telefonnummer <span class=\"ui-provider a b c d e f g h i j k l m n o p q r s t u v w x y z ab ac ae af ag ah ai aj ak\" dir=\"ltr\">+49 7541 39726-0<\/span> sowie per E-Mail unter info@actico.com.<\/p>\n<h4>D-U-N-S\u00ae Nummer (Data Universal Numbering System)<\/h4>\n<p>Die D-U-N-S\u00ae Nummer ist ein von der Firma Dun &amp; Bradstreet definierter einmaliger, 9-stelliger Identifikationscode. Der international als Standard anerkannte Zahlencode dient der eindeutigen Identifizierung eines einzelnen Unternehmens. D-U-N-S\u00ae Nummer: 313217054<\/p>\n<h4>Verantwortlicher f\u00fcr journalistisch redaktionelle Beitr\u00e4ge gem\u00e4\u00df \u00a7 18 MStV:<\/h4>\n<p>Thomas Meyer<br \/>\nGeneral Manager und Chief Revenue Officer<br \/>\nCharlottenstra\u00dfe 2<br \/>\n88045 Friedrichshafen, Deutschland<br \/>\nE-Mail:\u00a0<a href=\"mailto:thomas.meyer@actico.com\">thomas.meyer@actico.com<\/a><\/p>\n<h4>Technische Betreuung dieser Website<\/h4>\n<p>Johann Schuster<br \/>\nDaheimstra\u00dfe 49<br \/>\n47447 Moers, Deutschland<br \/>\nE-Mail: <a href=\"mailto:contact@johann-schuster.dev\">contact@johann-schuster.dev<\/a><\/p>\n<h4>Datenschutz und Informationssicherheit:<\/h4>\n<p>Email: <a href=\"mailto:data-security@actico.com\">data-security@actico.com<\/a><br \/>\nTel.: <span class=\"ui-provider a b c d e f g h i j k l m n o p q r s t u v w x y z ab ac ae af ag ah ai aj ak\" dir=\"ltr\">+49 7541 39726-0<\/span><\/p>\n<h4>Datenschutzbeauftragter:<\/h4>\n<p>Aigner Business Solutions GmbH<br \/>\nGoldener Steig 42<br \/>\n94116 Hutthurm, Deutschland<\/p>\n<p data-renderer-start-pos=\"352\">Telefon: +49 (0)8505 91927 &#8211; 20<\/p>\n<p data-renderer-start-pos=\"379\">Email:<a href=\"mailto:tobias.damasko@aigner-business-solutions.com\">tobias.damasko@aigner-business-solutions.com<\/a><\/p>\n<h3>Rechtliche Hinweise:<\/h3>\n<h4>Verweise und externe Links<\/h4>\n<p>Unsere Webseite enth\u00e4lt Verlinkungen auf Webseiten Dritter. Alle Verlinkungen auf Webseiten Dritter wurden von uns bei Erstellung der Webseite sorgf\u00e4ltig gepr\u00fcft. M\u00f6gliche Rechtsverst\u00f6\u00dfe waren zum Zeitpunkt der Verlinkung nicht erkennbar. Allerdings haben wir keinen Einfluss auf die Inhalte von verlinkten Webseiten Dritter, hierf\u00fcr ist der jeweilige Dienstanbieter verantwortlich. ACTICO erkl\u00e4rt hiermit ausdr\u00fccklich, dass zum Zeitpunkt der Linksetzung keine illegalen Inhalte auf den zu verlinkenden Seiten erkennbar waren. Deshalb distanzieren wir uns hiermit ausdr\u00fccklich von allen Inhalten aller verlinkten Seiten, die nach der Linksetzung ver\u00e4ndert wurden.<\/p>\n<p>Sollten \u00fcber die Verlinkungen auf Webseiten Dritter rechtswidrige Webseiten abrufbar sein, bitten wir um Mitteilung. Wir werden dies dann \u00fcberpr\u00fcfen und die Verlinkungen ggfs. entfernen.<\/p>\n<h4>Haftungsausschluss f\u00fcr Informationen<\/h4>\n<p>Die Inhalte der ACTICO-Webseiten dienen lediglich allgemeinen Informationszwecken. Wir pr\u00fcfen zwar alle Angaben auf ihre Richtigkeit und Vollst\u00e4ndigkeit, allerdings \u00fcbernehmen wir hinsichtlich der Aktualit\u00e4t, Korrektheit, Vollst\u00e4ndigkeit oder Qualit\u00e4t der bereitgestellten Informationen keine Haftung f\u00fcr Sch\u00e4den materieller oder ideeller Art die durch die Nutzung der dargebotenen Informationen bzw. durch die Nutzung fehlerhafter und unvollst\u00e4ndiger Informationen verursacht worden sind, sofern seitens von ACTICO kein nachweislich vors\u00e4tzliches oder grob fahrl\u00e4ssiges Verschulden vorliegt. Weiter \u00fcbernehmen wir keine Haftung f\u00fcr Serviceleistungen, wie den Download der zur Verf\u00fcgung gestellten Dateien auf den Internetseiten der ACTICO GmbH.<\/p>\n<h4>Urheberrechte<\/h4>\n<p>Die erstellten Inhalte auf der ACTICO-Webseite unterliegen dem deutschen Urheberrecht. Alle Texte, Bilder, Layout und Grafiken dieser Seiten sind urheberrechtlich gesch\u00fctzt. Die Vervielf\u00e4ltigung, Bearbeitung, Verbreitung und jede Art der Verwertung au\u00dferhalb der Grenzen des Urheberrechtes bed\u00fcrfen der schriftlichen Zustimmung. Der Download sowie der Ausdruck von Texten, Bildern und graphischen Elementen ist nur zum pers\u00f6nlichen, privaten und nicht kommerziellen Gebrauch gestattet.<\/p>\n<h4>Markenschutz<\/h4>\n<p>Auf allen ACTICO-Webseiten genannten Marken sind gesetzlich gesch\u00fctzte Warenzeichen und Wortmarken der ACTICO GmbH. Marken die dem nicht entsprechen sind gesondert gekennzeichnet.<\/p>\n<h4>Geltungsbereich<\/h4>\n<p>Dieses Impressum bezieht sich auf den Internetauftritt der ACTICO GmbH unter www.actico.de sowie auf s\u00e4mtliche Auftritte auf den Social-Media-Kan\u00e4len.<\/p>\n<h4>Hinweis: Allgemeines Gleichbehandlungsgesetz (AGG)<\/h4>\n<p>Aus Gr\u00fcnden der leichteren Lesbarkeit wird auf eine geschlechterspezifische Differenzierung verzichtet. Entsprechende Begriffe gelten im Sinne der Gleichbehandlung f\u00fcr beide Geschlechter.<\/p>\n<h4>Anwendbares Recht<\/h4>\n<p>Recht der Bundesrepublik Deutschland (BRD).<\/p>\n<h4>\u00a9 Copyright<\/h4>\n<p>Alle Rechte vorbehalten. Text, Bilder und Grafiken sowie deren Anordnung auf der Website unterliegen dem Schutz des Urheberrechts und anderer Schutzgesetze. Der Inhalt dieser Websites darf nicht zu kommerziellen Zwecken kopiert, verbreitet, ver\u00e4ndert oder Dritten zug\u00e4nglich gemacht werden.<\/p>\n<h4>\u00a9 Copyright Bildquellen:<\/h4>\n<p>F1 Online, Shutterstock, Fotolia, Istockphoto, Getty Images, Unsplash<\/p>\n\n                <\/div>\n        <\/div><\/div>\n<\/section>","protected":false},"excerpt":{"rendered":"","protected":false},"author":3,"featured_media":0,"parent":0,"menu_order":28,"comment_status":"closed","ping_status":"closed","template":"","format":[],"meta":{"_acf_changed":false,"footnotes":""},"business_unit":[],"industry":[],"other-tag":[],"process":[],"class_list":["post-7254","page","type-page","status-publish","hentry"],"acf":[],"yoast_head":"<!-- This site is optimized with the Yoast SEO Premium plugin v27.4 (Yoast SEO v27.4) - https:\/\/yoast.com\/product\/yoast-seo-premium-wordpress\/ -->\n<title>Impressum | ACTICO<\/title>\n<meta name=\"description\" content=\"ACTICO ist ein f\u00fchrender international agierender Anbieter von Softwarel\u00f6sungen und -technologien f\u00fcr das Decision Management.\" \/>\n<meta name=\"robots\" content=\"index, follow, max-snippet:-1, max-image-preview:large, max-video-preview:-1\" \/>\n<link rel=\"canonical\" href=\"https:\/\/www.actico.com\/de\/impressum\/\" \/>\n<meta property=\"og:locale\" content=\"de_DE\" \/>\n<meta property=\"og:type\" content=\"article\" \/>\n<meta property=\"og:title\" content=\"Impressum\" \/>\n<meta property=\"og:description\" content=\"ACTICO ist ein f\u00fchrender international agierender Anbieter von Softwarel\u00f6sungen und -technologien f\u00fcr das Decision Management.\" \/>\n<meta property=\"og:url\" content=\"https:\/\/www.actico.com\/de\/impressum\/\" \/>\n<meta property=\"og:site_name\" content=\"ACTICO\" \/>\n<meta property=\"article:modified_time\" content=\"2026-03-03T08:17:27+00:00\" \/>\n<meta name=\"twitter:card\" content=\"summary_large_image\" \/>\n<meta name=\"twitter:site\" content=\"@ACTICO_en\" \/>\n<meta name=\"twitter:label1\" content=\"Gesch\u00e4tzte Lesezeit\" \/>\n\t<meta name=\"twitter:data1\" content=\"3\u00a0Minuten\" \/>\n<script type=\"application\/ld+json\" class=\"yoast-schema-graph\">{\"@context\":\"https:\\\/\\\/schema.org\",\"@graph\":[{\"@type\":\"WebPage\",\"@id\":\"https:\\\/\\\/www.actico.com\\\/de\\\/impressum\\\/\",\"url\":\"https:\\\/\\\/www.actico.com\\\/de\\\/impressum\\\/\",\"name\":\"Impressum | ACTICO\",\"isPartOf\":{\"@id\":\"https:\\\/\\\/www.actico.com\\\/de\\\/#website\"},\"datePublished\":\"2019-05-17T13:59:28+00:00\",\"dateModified\":\"2026-03-03T08:17:27+00:00\",\"description\":\"ACTICO ist ein f\u00fchrender international agierender Anbieter von Softwarel\u00f6sungen und -technologien f\u00fcr das Decision Management.\",\"breadcrumb\":{\"@id\":\"https:\\\/\\\/www.actico.com\\\/de\\\/impressum\\\/#breadcrumb\"},\"inLanguage\":\"de\",\"potentialAction\":[{\"@type\":\"ReadAction\",\"target\":[\"https:\\\/\\\/www.actico.com\\\/de\\\/impressum\\\/\"]}]},{\"@type\":\"BreadcrumbList\",\"@id\":\"https:\\\/\\\/www.actico.com\\\/de\\\/impressum\\\/#breadcrumb\",\"itemListElement\":[{\"@type\":\"ListItem\",\"position\":1,\"name\":\"Startseite\",\"item\":\"https:\\\/\\\/www.actico.com\\\/de\\\/\"},{\"@type\":\"ListItem\",\"position\":2,\"name\":\"Impressum\"}]},{\"@type\":\"WebSite\",\"@id\":\"https:\\\/\\\/www.actico.com\\\/de\\\/#website\",\"url\":\"https:\\\/\\\/www.actico.com\\\/de\\\/\",\"name\":\"ACTICO\",\"description\":\"\",\"publisher\":{\"@id\":\"https:\\\/\\\/www.actico.com\\\/de\\\/#organization\"},\"potentialAction\":[{\"@type\":\"SearchAction\",\"target\":{\"@type\":\"EntryPoint\",\"urlTemplate\":\"https:\\\/\\\/www.actico.com\\\/de\\\/?s={search_term_string}\"},\"query-input\":{\"@type\":\"PropertyValueSpecification\",\"valueRequired\":true,\"valueName\":\"search_term_string\"}}],\"inLanguage\":\"de\"},{\"@type\":\"Organization\",\"@id\":\"https:\\\/\\\/www.actico.com\\\/de\\\/#organization\",\"name\":\"ACTICO\",\"url\":\"https:\\\/\\\/www.actico.com\\\/de\\\/\",\"logo\":{\"@type\":\"ImageObject\",\"inLanguage\":\"de\",\"@id\":\"https:\\\/\\\/www.actico.com\\\/de\\\/#\\\/schema\\\/logo\\\/image\\\/\",\"url\":\"https:\\\/\\\/www.actico.com\\\/wp-content\\\/uploads\\\/2025\\\/07\\\/Actico_Logo_rgb_2024_midnight-blue.svg\",\"contentUrl\":\"https:\\\/\\\/www.actico.com\\\/wp-content\\\/uploads\\\/2025\\\/07\\\/Actico_Logo_rgb_2024_midnight-blue.svg\",\"width\":120,\"height\":34,\"caption\":\"ACTICO\"},\"image\":{\"@id\":\"https:\\\/\\\/www.actico.com\\\/de\\\/#\\\/schema\\\/logo\\\/image\\\/\"},\"sameAs\":[\"https:\\\/\\\/x.com\\\/ACTICO_en\",\"https:\\\/\\\/x.com\\\/ACTICO_de\",\"https:\\\/\\\/www.linkedin.com\\\/company\\\/actico\",\"https:\\\/\\\/www.xing.com\\\/pages\\\/acticogmbh\"],\"description\":\"Intelligent software solutions from ACTICO support banks and insurance companies in credit risk management, corporate lending and compliance. Drive the digital transformation and optimize your business processes.\",\"email\":\"info@actico.com\",\"telephone\":\"Tel. +49 7541 39726\",\"legalName\":\"ACTICO GmbH\",\"numberOfEmployees\":{\"@type\":\"QuantitativeValue\",\"minValue\":\"201\",\"maxValue\":\"500\"}}]}<\/script>\n<!-- \/ Yoast SEO Premium plugin. -->","yoast_head_json":{"title":"Impressum | ACTICO","description":"ACTICO ist ein f\u00fchrender international agierender Anbieter von Softwarel\u00f6sungen und -technologien f\u00fcr das Decision Management.","robots":{"index":"index","follow":"follow","max-snippet":"max-snippet:-1","max-image-preview":"max-image-preview:large","max-video-preview":"max-video-preview:-1"},"canonical":"https:\/\/www.actico.com\/de\/impressum\/","og_locale":"de_DE","og_type":"article","og_title":"Impressum","og_description":"ACTICO ist ein f\u00fchrender international agierender Anbieter von Softwarel\u00f6sungen und -technologien f\u00fcr das Decision Management.","og_url":"https:\/\/www.actico.com\/de\/impressum\/","og_site_name":"ACTICO","article_modified_time":"2026-03-03T08:17:27+00:00","twitter_card":"summary_large_image","twitter_site":"@ACTICO_en","twitter_misc":{"Gesch\u00e4tzte Lesezeit":"3\u00a0Minuten"},"schema":{"@context":"https:\/\/schema.org","@graph":[{"@type":"WebPage","@id":"https:\/\/www.actico.com\/de\/impressum\/","url":"https:\/\/www.actico.com\/de\/impressum\/","name":"Impressum | ACTICO","isPartOf":{"@id":"https:\/\/www.actico.com\/de\/#website"},"datePublished":"2019-05-17T13:59:28+00:00","dateModified":"2026-03-03T08:17:27+00:00","description":"ACTICO ist ein f\u00fchrender international agierender Anbieter von Softwarel\u00f6sungen und -technologien f\u00fcr das Decision Management.","breadcrumb":{"@id":"https:\/\/www.actico.com\/de\/impressum\/#breadcrumb"},"inLanguage":"de","potentialAction":[{"@type":"ReadAction","target":["https:\/\/www.actico.com\/de\/impressum\/"]}]},{"@type":"BreadcrumbList","@id":"https:\/\/www.actico.com\/de\/impressum\/#breadcrumb","itemListElement":[{"@type":"ListItem","position":1,"name":"Startseite","item":"https:\/\/www.actico.com\/de\/"},{"@type":"ListItem","position":2,"name":"Impressum"}]},{"@type":"WebSite","@id":"https:\/\/www.actico.com\/de\/#website","url":"https:\/\/www.actico.com\/de\/","name":"ACTICO","description":"","publisher":{"@id":"https:\/\/www.actico.com\/de\/#organization"},"potentialAction":[{"@type":"SearchAction","target":{"@type":"EntryPoint","urlTemplate":"https:\/\/www.actico.com\/de\/?s={search_term_string}"},"query-input":{"@type":"PropertyValueSpecification","valueRequired":true,"valueName":"search_term_string"}}],"inLanguage":"de"},{"@type":"Organization","@id":"https:\/\/www.actico.com\/de\/#organization","name":"ACTICO","url":"https:\/\/www.actico.com\/de\/","logo":{"@type":"ImageObject","inLanguage":"de","@id":"https:\/\/www.actico.com\/de\/#\/schema\/logo\/image\/","url":"https:\/\/www.actico.com\/wp-content\/uploads\/2025\/07\/Actico_Logo_rgb_2024_midnight-blue.svg","contentUrl":"https:\/\/www.actico.com\/wp-content\/uploads\/2025\/07\/Actico_Logo_rgb_2024_midnight-blue.svg","width":120,"height":34,"caption":"ACTICO"},"image":{"@id":"https:\/\/www.actico.com\/de\/#\/schema\/logo\/image\/"},"sameAs":["https:\/\/x.com\/ACTICO_en","https:\/\/x.com\/ACTICO_de","https:\/\/www.linkedin.com\/company\/actico","https:\/\/www.xing.com\/pages\/acticogmbh"],"description":"Intelligent software solutions from ACTICO support banks and insurance companies in credit risk management, corporate lending and compliance. Drive the digital transformation and optimize your business processes.","email":"info@actico.com","telephone":"Tel. +49 7541 39726","legalName":"ACTICO GmbH","numberOfEmployees":{"@type":"QuantitativeValue","minValue":"201","maxValue":"500"}}]}},"_links":{"self":[{"href":"https:\/\/www.actico.com\/de\/wp-json\/wp\/v2\/pages\/7254","targetHints":{"allow":["GET"]}}],"collection":[{"href":"https:\/\/www.actico.com\/de\/wp-json\/wp\/v2\/pages"}],"about":[{"href":"https:\/\/www.actico.com\/de\/wp-json\/wp\/v2\/types\/page"}],"author":[{"embeddable":true,"href":"https:\/\/www.actico.com\/de\/wp-json\/wp\/v2\/users\/3"}],"replies":[{"embeddable":true,"href":"https:\/\/www.actico.com\/de\/wp-json\/wp\/v2\/comments?post=7254"}],"version-history":[{"count":6,"href":"https:\/\/www.actico.com\/de\/wp-json\/wp\/v2\/pages\/7254\/revisions"}],"predecessor-version":[{"id":12691,"href":"https:\/\/www.actico.com\/de\/wp-json\/wp\/v2\/pages\/7254\/revisions\/12691"}],"wp:attachment":[{"href":"https:\/\/www.actico.com\/de\/wp-json\/wp\/v2\/media?parent=7254"}],"wp:term":[{"taxonomy":"business_unit","embeddable":true,"href":"https:\/\/www.actico.com\/de\/wp-json\/wp\/v2\/business_unit?post=7254"},{"taxonomy":"format","embeddable":true,"href":"https:\/\/www.actico.com\/de\/wp-json\/wp\/v2\/format?post=7254"},{"taxonomy":"industry","embeddable":true,"href":"https:\/\/www.actico.com\/de\/wp-json\/wp\/v2\/industry?post=7254"},{"taxonomy":"other-tag","embeddable":true,"href":"https:\/\/www.actico.com\/de\/wp-json\/wp\/v2\/other-tag?post=7254"},{"taxonomy":"process","embeddable":true,"href":"https:\/\/www.actico.com\/de\/wp-json\/wp\/v2\/process?post=7254"}],"curies":[{"name":"wp","href":"https:\/\/api.w.org\/{rel}","templated":true}]}}