{"id":7242,"date":"2025-01-28T10:21:05","date_gmt":"2025-01-28T10:21:05","guid":{"rendered":"https:\/\/p-c72cr2.project.space\/?page_id=7242"},"modified":"2025-11-14T11:10:11","modified_gmt":"2025-11-14T11:10:11","slug":"starter-paket","status":"publish","type":"page","link":"https:\/\/www.actico.com\/de\/unternehmen\/starter-paket\/","title":{"rendered":"Starter Package"},"content":{"rendered":"\n<section id=\"m-text__container-block_2f40374cd75f50f01458ba64d44e6a59\" class=\"u-relative m-text__container u-pt-x10 u-pb-x10 u-pt-x20@md u-pb-x20@md\"><figure class=\"u-absolute u-pos--top u-full--width u-full--height\"><img loading=\"lazy\" decoding=\"async\" src=\"https:\/\/www.actico.com\/wp-content\/uploads\/2025\/07\/Actico_Element_16-9_mittig-versetzt-rechts_300-1024x576.jpg\" width=\"1024\" height=\"576\"srcset=\"https:\/\/www.actico.com\/wp-content\/uploads\/2025\/07\/Actico_Element_16-9_mittig-versetzt-rechts_300-1024x576.jpg 1024w, https:\/\/www.actico.com\/wp-content\/uploads\/2025\/07\/Actico_Element_16-9_mittig-versetzt-rechts_300-300x169.jpg 300w, https:\/\/www.actico.com\/wp-content\/uploads\/2025\/07\/Actico_Element_16-9_mittig-versetzt-rechts_300-768x432.jpg 768w, https:\/\/www.actico.com\/wp-content\/uploads\/2025\/07\/Actico_Element_16-9_mittig-versetzt-rechts_300-1536x864.jpg 1536w, https:\/\/www.actico.com\/wp-content\/uploads\/2025\/07\/Actico_Element_16-9_mittig-versetzt-rechts_300-2048x1152.jpg 2048w\" sizes=\"auto, (max-width: 1920px) 100vw, 1920px\" alt=\"ACTICO keyvisual middel right dark\" class=\"u-image--cover\"  \/><\/figure><div class=\"o-container u-relative\"><div class=\"o-grid\">\n                <div class=\"o-grid__col u-8\/12@md\" data-aos=\"fade-up\">\n                    <h2 class=\"h5 u-color-electric-blue\">ACTICO Advanced Decision Platform<\/h2>\n<h1 class=\"h2\">Sichern Sie sich Ihr ACTICO Platform \u201cStarter-Paket\u201d<\/h1>\n\n                <\/div>\n        <\/div><\/div>\n<\/section>\n\n\n<section id=\"m-form__container-block_5f102e1c49b9d623d012173a27c08654\" class=\"u-relative m-form__container u-pt-x10 u-pb-x10 u-pt-x20@md u-pb-x20@md u-bgcolor-skyfall-mb-to-rb\"><div class=\"o-container u-relative\"><div class=\"o-grid o-grid--center\"><article class=\"o-grid__col u-6\/12@md\"><h3>Schnell und effizient loslegen<\/h3>\n<p>Erleben Sie die ACTICO Decision Management Platform und nutzen Sie mit dem <strong>Starter-Paket<\/strong> deren elementare Werkzeuge zur Entscheidungsautomatisierung.\u00a0 Profitieren Sie von fachkundiger Unterst\u00fctzung und einer reibungslosen Einrichtung, um Ihre Abl\u00e4ufe zu optimieren.<\/p>\n<p style=\"text-align: left;\"><span data-contrast=\"auto\">Das <\/span><strong>Starter-<\/strong><strong>Paket<\/strong> <span data-contrast=\"auto\">bietet Ihnen die relevanten Tools und Expertenunterst\u00fctzung, um Ihre Prozesse schnell und effizient zu automatisieren. <\/span><\/p>\n<p style=\"text-align: left;\"><span data-contrast=\"auto\">Egal, ob Sie ein Business-Nutzer, IT-Experte oder Software-Architekt sind \u2013 unser Starter Package bietet alles, was Sie ben\u00f6tigen, um Ihre <\/span><span data-contrast=\"auto\">Entscheid<\/span><span data-contrast=\"auto\">ungs<\/span><span data-contrast=\"auto\">findungs<\/span><span data-contrast=\"auto\">prozesse <\/span><span data-contrast=\"auto\">zu optimieren.<\/span><span data-ccp-props=\"{&quot;134233117&quot;:false,&quot;134233118&quot;:false,&quot;335559738&quot;:0,&quot;335559739&quot;:160}\">\u00a0<\/span><\/p>\n<p style=\"text-align: left;\"><span data-contrast=\"auto\">\u00dcbermitteln Sie Ihre Angaben, und unser Team wird sich mit Ihnen in Verbindung setzen, um Ihnen den Einstieg mit dem Starter<\/span><span data-contrast=\"auto\">-Paket<\/span><span data-contrast=\"auto\"> zu erleichtern und eine reibungslose Einrichtung sicherzustellen<\/span><span data-contrast=\"auto\">, sowie alle relevanten Lizenzen, Download Links <\/span><span data-contrast=\"auto\">und <\/span><span data-contrast=\"auto\">Unterlagen bereitzustellen<\/span><span data-contrast=\"auto\">.<\/span><span data-ccp-props=\"{&quot;134233117&quot;:false,&quot;134233118&quot;:false,&quot;201341983&quot;:0,&quot;335551550&quot;:1,&quot;335551620&quot;:1,&quot;335559685&quot;:0,&quot;335559737&quot;:0,&quot;335559738&quot;:240,&quot;335559739&quot;:240,&quot;335559740&quot;:279}\">\u00a0<\/span><\/p>\n<\/article><div class=\"o-grid__col u-6\/12@md\">\n                <div id=\"form__container--94\" class=\"hbspt-form\">                        <script>\n                          hbspt.forms.create({\n                            portalId: \"5086842\",\n                            target: '#form__container--94',\n                            formId: \"ee3cb0af-a277-43aa-89d0-5583242ebf55\"\n                                                                                });\n                        <\/script>\n                    \n                <\/div>\n            <\/div>\n        <\/div>\n    <\/div>\n<\/section>","protected":false},"excerpt":{"rendered":"","protected":false},"author":3,"featured_media":0,"parent":6950,"menu_order":0,"comment_status":"closed","ping_status":"closed","template":"","format":[],"meta":{"_acf_changed":false,"footnotes":""},"business_unit":[196],"industry":[],"other-tag":[],"process":[],"class_list":["post-7242","page","type-page","status-publish","hentry","business_unit-technologie"],"acf":[],"yoast_head":"<!-- This site is optimized with the Yoast SEO Premium plugin v27.2 (Yoast SEO v27.2) - https:\/\/yoast.com\/product\/yoast-seo-premium-wordpress\/ -->\n<title>Jetzt ACTICO Platform &quot;Starter Package&quot; sichern! | ACTICO<\/title>\n<meta name=\"description\" content=\"Um die Einfachheit, Leistungsf\u00e4higkeit und den Nutzen der ACTICO-L\u00f6sungen zu verstehen, m\u00fcssen Sie sie selbst erleben. Lassen Sie sich von uns zu einer pers\u00f6nlichen, individuell gef\u00fchrten Pr\u00e4sentation einladen.\" \/>\n<meta name=\"robots\" content=\"index, follow, max-snippet:-1, max-image-preview:large, max-video-preview:-1\" \/>\n<link rel=\"canonical\" href=\"https:\/\/www.actico.com\/de\/unternehmen\/starter-paket\/\" \/>\n<meta property=\"og:locale\" content=\"de_DE\" \/>\n<meta property=\"og:type\" content=\"article\" \/>\n<meta property=\"og:title\" content=\"Starter Package\" \/>\n<meta property=\"og:description\" content=\"Um die Einfachheit, Leistungsf\u00e4higkeit und den Nutzen der ACTICO-L\u00f6sungen zu verstehen, m\u00fcssen Sie sie selbst erleben. Lassen Sie sich von uns zu einer pers\u00f6nlichen, individuell gef\u00fchrten Pr\u00e4sentation einladen.\" \/>\n<meta property=\"og:url\" content=\"https:\/\/www.actico.com\/de\/unternehmen\/starter-paket\/\" \/>\n<meta property=\"og:site_name\" content=\"ACTICO\" \/>\n<meta property=\"article:modified_time\" content=\"2025-11-14T11:10:11+00:00\" \/>\n<meta name=\"twitter:card\" content=\"summary_large_image\" \/>\n<meta name=\"twitter:site\" content=\"@ACTICO_en\" \/>\n<script type=\"application\/ld+json\" class=\"yoast-schema-graph\">{\"@context\":\"https:\/\/schema.org\",\"@graph\":[{\"@type\":[\"WebPage\",\"ContactPage\"],\"@id\":\"https:\/\/www.actico.com\/de\/unternehmen\/starter-paket\/\",\"url\":\"https:\/\/www.actico.com\/de\/unternehmen\/starter-paket\/\",\"name\":\"Jetzt ACTICO Platform \\\"Starter Package\\\" sichern! | ACTICO\",\"isPartOf\":{\"@id\":\"https:\/\/www.actico.com\/de\/#website\"},\"datePublished\":\"2025-01-28T10:21:05+00:00\",\"dateModified\":\"2025-11-14T11:10:11+00:00\",\"description\":\"Um die Einfachheit, Leistungsf\u00e4higkeit und den Nutzen der ACTICO-L\u00f6sungen zu verstehen, m\u00fcssen Sie sie selbst erleben. Lassen Sie sich von uns zu einer pers\u00f6nlichen, individuell gef\u00fchrten Pr\u00e4sentation einladen.\",\"breadcrumb\":{\"@id\":\"https:\/\/www.actico.com\/de\/unternehmen\/starter-paket\/#breadcrumb\"},\"inLanguage\":\"de\",\"potentialAction\":[{\"@type\":\"ReadAction\",\"target\":[\"https:\/\/www.actico.com\/de\/unternehmen\/starter-paket\/\"]}]},{\"@type\":\"BreadcrumbList\",\"@id\":\"https:\/\/www.actico.com\/de\/unternehmen\/starter-paket\/#breadcrumb\",\"itemListElement\":[{\"@type\":\"ListItem\",\"position\":1,\"name\":\"Startseite\",\"item\":\"https:\/\/www.actico.com\/de\/\"},{\"@type\":\"ListItem\",\"position\":2,\"name\":\"Unternehmen\",\"item\":\"https:\/\/www.actico.com\/de\/unternehmen\/\"},{\"@type\":\"ListItem\",\"position\":3,\"name\":\"Starter Package\"}]},{\"@type\":\"WebSite\",\"@id\":\"https:\/\/www.actico.com\/de\/#website\",\"url\":\"https:\/\/www.actico.com\/de\/\",\"name\":\"ACTICO\",\"description\":\"\",\"publisher\":{\"@id\":\"https:\/\/www.actico.com\/de\/#organization\"},\"potentialAction\":[{\"@type\":\"SearchAction\",\"target\":{\"@type\":\"EntryPoint\",\"urlTemplate\":\"https:\/\/www.actico.com\/de\/?s={search_term_string}\"},\"query-input\":{\"@type\":\"PropertyValueSpecification\",\"valueRequired\":true,\"valueName\":\"search_term_string\"}}],\"inLanguage\":\"de\"},{\"@type\":\"Organization\",\"@id\":\"https:\/\/www.actico.com\/de\/#organization\",\"name\":\"ACTICO\",\"url\":\"https:\/\/www.actico.com\/de\/\",\"logo\":{\"@type\":\"ImageObject\",\"inLanguage\":\"de\",\"@id\":\"https:\/\/www.actico.com\/de\/#\/schema\/logo\/image\/\",\"url\":\"https:\/\/www.actico.com\/wp-content\/uploads\/2025\/07\/Actico_Logo_rgb_2024_midnight-blue.svg\",\"contentUrl\":\"https:\/\/www.actico.com\/wp-content\/uploads\/2025\/07\/Actico_Logo_rgb_2024_midnight-blue.svg\",\"width\":120,\"height\":34,\"caption\":\"ACTICO\"},\"image\":{\"@id\":\"https:\/\/www.actico.com\/de\/#\/schema\/logo\/image\/\"},\"sameAs\":[\"https:\/\/x.com\/ACTICO_en\",\"https:\/\/x.com\/ACTICO_de\",\"https:\/\/www.linkedin.com\/company\/actico\",\"https:\/\/www.xing.com\/pages\/acticogmbh\"],\"description\":\"Intelligent software solutions from ACTICO support banks and insurance companies in credit risk management, corporate lending and compliance. Drive the digital transformation and optimize your business processes.\",\"email\":\"info@actico.com\",\"telephone\":\"Tel. +49 7541 39726\",\"legalName\":\"ACTICO GmbH\",\"numberOfEmployees\":{\"@type\":\"QuantitativeValue\",\"minValue\":\"201\",\"maxValue\":\"500\"}}]}<\/script>\n<!-- \/ Yoast SEO Premium plugin. -->","yoast_head_json":{"title":"Jetzt ACTICO Platform \"Starter Package\" sichern! | ACTICO","description":"Um die Einfachheit, Leistungsf\u00e4higkeit und den Nutzen der ACTICO-L\u00f6sungen zu verstehen, m\u00fcssen Sie sie selbst erleben. Lassen Sie sich von uns zu einer pers\u00f6nlichen, individuell gef\u00fchrten Pr\u00e4sentation einladen.","robots":{"index":"index","follow":"follow","max-snippet":"max-snippet:-1","max-image-preview":"max-image-preview:large","max-video-preview":"max-video-preview:-1"},"canonical":"https:\/\/www.actico.com\/de\/unternehmen\/starter-paket\/","og_locale":"de_DE","og_type":"article","og_title":"Starter Package","og_description":"Um die Einfachheit, Leistungsf\u00e4higkeit und den Nutzen der ACTICO-L\u00f6sungen zu verstehen, m\u00fcssen Sie sie selbst erleben. Lassen Sie sich von uns zu einer pers\u00f6nlichen, individuell gef\u00fchrten Pr\u00e4sentation einladen.","og_url":"https:\/\/www.actico.com\/de\/unternehmen\/starter-paket\/","og_site_name":"ACTICO","article_modified_time":"2025-11-14T11:10:11+00:00","twitter_card":"summary_large_image","twitter_site":"@ACTICO_en","schema":{"@context":"https:\/\/schema.org","@graph":[{"@type":["WebPage","ContactPage"],"@id":"https:\/\/www.actico.com\/de\/unternehmen\/starter-paket\/","url":"https:\/\/www.actico.com\/de\/unternehmen\/starter-paket\/","name":"Jetzt ACTICO Platform \"Starter Package\" sichern! | ACTICO","isPartOf":{"@id":"https:\/\/www.actico.com\/de\/#website"},"datePublished":"2025-01-28T10:21:05+00:00","dateModified":"2025-11-14T11:10:11+00:00","description":"Um die Einfachheit, Leistungsf\u00e4higkeit und den Nutzen der ACTICO-L\u00f6sungen zu verstehen, m\u00fcssen Sie sie selbst erleben. Lassen Sie sich von uns zu einer pers\u00f6nlichen, individuell gef\u00fchrten Pr\u00e4sentation einladen.","breadcrumb":{"@id":"https:\/\/www.actico.com\/de\/unternehmen\/starter-paket\/#breadcrumb"},"inLanguage":"de","potentialAction":[{"@type":"ReadAction","target":["https:\/\/www.actico.com\/de\/unternehmen\/starter-paket\/"]}]},{"@type":"BreadcrumbList","@id":"https:\/\/www.actico.com\/de\/unternehmen\/starter-paket\/#breadcrumb","itemListElement":[{"@type":"ListItem","position":1,"name":"Startseite","item":"https:\/\/www.actico.com\/de\/"},{"@type":"ListItem","position":2,"name":"Unternehmen","item":"https:\/\/www.actico.com\/de\/unternehmen\/"},{"@type":"ListItem","position":3,"name":"Starter Package"}]},{"@type":"WebSite","@id":"https:\/\/www.actico.com\/de\/#website","url":"https:\/\/www.actico.com\/de\/","name":"ACTICO","description":"","publisher":{"@id":"https:\/\/www.actico.com\/de\/#organization"},"potentialAction":[{"@type":"SearchAction","target":{"@type":"EntryPoint","urlTemplate":"https:\/\/www.actico.com\/de\/?s={search_term_string}"},"query-input":{"@type":"PropertyValueSpecification","valueRequired":true,"valueName":"search_term_string"}}],"inLanguage":"de"},{"@type":"Organization","@id":"https:\/\/www.actico.com\/de\/#organization","name":"ACTICO","url":"https:\/\/www.actico.com\/de\/","logo":{"@type":"ImageObject","inLanguage":"de","@id":"https:\/\/www.actico.com\/de\/#\/schema\/logo\/image\/","url":"https:\/\/www.actico.com\/wp-content\/uploads\/2025\/07\/Actico_Logo_rgb_2024_midnight-blue.svg","contentUrl":"https:\/\/www.actico.com\/wp-content\/uploads\/2025\/07\/Actico_Logo_rgb_2024_midnight-blue.svg","width":120,"height":34,"caption":"ACTICO"},"image":{"@id":"https:\/\/www.actico.com\/de\/#\/schema\/logo\/image\/"},"sameAs":["https:\/\/x.com\/ACTICO_en","https:\/\/x.com\/ACTICO_de","https:\/\/www.linkedin.com\/company\/actico","https:\/\/www.xing.com\/pages\/acticogmbh"],"description":"Intelligent software solutions from ACTICO support banks and insurance companies in credit risk management, corporate lending and compliance. Drive the digital transformation and optimize your business processes.","email":"info@actico.com","telephone":"Tel. +49 7541 39726","legalName":"ACTICO GmbH","numberOfEmployees":{"@type":"QuantitativeValue","minValue":"201","maxValue":"500"}}]}},"_links":{"self":[{"href":"https:\/\/www.actico.com\/de\/wp-json\/wp\/v2\/pages\/7242","targetHints":{"allow":["GET"]}}],"collection":[{"href":"https:\/\/www.actico.com\/de\/wp-json\/wp\/v2\/pages"}],"about":[{"href":"https:\/\/www.actico.com\/de\/wp-json\/wp\/v2\/types\/page"}],"author":[{"embeddable":true,"href":"https:\/\/www.actico.com\/de\/wp-json\/wp\/v2\/users\/3"}],"replies":[{"embeddable":true,"href":"https:\/\/www.actico.com\/de\/wp-json\/wp\/v2\/comments?post=7242"}],"version-history":[{"count":3,"href":"https:\/\/www.actico.com\/de\/wp-json\/wp\/v2\/pages\/7242\/revisions"}],"predecessor-version":[{"id":7246,"href":"https:\/\/www.actico.com\/de\/wp-json\/wp\/v2\/pages\/7242\/revisions\/7246"}],"up":[{"embeddable":true,"href":"https:\/\/www.actico.com\/de\/wp-json\/wp\/v2\/pages\/6950"}],"wp:attachment":[{"href":"https:\/\/www.actico.com\/de\/wp-json\/wp\/v2\/media?parent=7242"}],"wp:term":[{"taxonomy":"business_unit","embeddable":true,"href":"https:\/\/www.actico.com\/de\/wp-json\/wp\/v2\/business_unit?post=7242"},{"taxonomy":"format","embeddable":true,"href":"https:\/\/www.actico.com\/de\/wp-json\/wp\/v2\/format?post=7242"},{"taxonomy":"industry","embeddable":true,"href":"https:\/\/www.actico.com\/de\/wp-json\/wp\/v2\/industry?post=7242"},{"taxonomy":"other-tag","embeddable":true,"href":"https:\/\/www.actico.com\/de\/wp-json\/wp\/v2\/other-tag?post=7242"},{"taxonomy":"process","embeddable":true,"href":"https:\/\/www.actico.com\/de\/wp-json\/wp\/v2\/process?post=7242"}],"curies":[{"name":"wp","href":"https:\/\/api.w.org\/{rel}","templated":true}]}}