{"id":7232,"date":"2019-01-24T12:05:27","date_gmt":"2019-01-24T12:05:27","guid":{"rendered":"https:\/\/p-c72cr2.project.space\/?page_id=7232"},"modified":"2025-11-14T11:08:24","modified_gmt":"2025-11-14T11:08:24","slug":"newsletter","status":"publish","type":"page","link":"https:\/\/www.actico.com\/de\/unternehmen\/kontakt\/newsletter\/","title":{"rendered":"Newsletter"},"content":{"rendered":"\n<section id=\"m-text__container-block_f1b970b048d95c449d635f2c4509900d\" class=\"u-relative m-text__container u-pt-x10 u-pb-x10 u-pt-x20@md u-pb-x20@md\"><figure class=\"u-image--overlay u-absolute u-pos--top u-full--width u-full--height\"><img loading=\"lazy\" decoding=\"async\" src=\"https:\/\/www.actico.com\/wp-content\/uploads\/2025\/07\/Actico_Element_16-9_Verauf-eb-mb-rb_300-1024x576.jpg\" width=\"1024\" height=\"576\"srcset=\"https:\/\/www.actico.com\/wp-content\/uploads\/2025\/07\/Actico_Element_16-9_Verauf-eb-mb-rb_300-1024x576.jpg 1024w, https:\/\/www.actico.com\/wp-content\/uploads\/2025\/07\/Actico_Element_16-9_Verauf-eb-mb-rb_300-300x169.jpg 300w, https:\/\/www.actico.com\/wp-content\/uploads\/2025\/07\/Actico_Element_16-9_Verauf-eb-mb-rb_300-768x432.jpg 768w, https:\/\/www.actico.com\/wp-content\/uploads\/2025\/07\/Actico_Element_16-9_Verauf-eb-mb-rb_300-1536x864.jpg 1536w, https:\/\/www.actico.com\/wp-content\/uploads\/2025\/07\/Actico_Element_16-9_Verauf-eb-mb-rb_300-2048x1152.jpg 2048w\" sizes=\"auto, (max-width: 1920px) 100vw, 1920px\" alt=\"Actico_Element_16-9_Verauf eb-mb-rb_300\" class=\"u-image--cover\"  \/><\/figure><div class=\"o-container u-relative\"><div class=\"o-grid\">\n                <div class=\"o-grid__col u-12\/12@md\" data-aos=\"none\">\n                    <h1 style=\"text-align: center;\"><span style=\"color: #00ffff;\">ACTICO Newsletter<\/span><\/h1>\n\n                <\/div>\n        <\/div><\/div>\n<\/section>\n\n\n<section id=\"m-form__container-block_fd50a78daa73aca2dcd497f5481d05d1\" class=\"u-relative m-form__container u-pt-x10 u-pb-x10 u-pt-x20@md u-pb-x20@md u-bgcolor-skyfall-mb-to-rb\"><div class=\"o-container u-relative\"><div class=\"o-grid o-grid--center\"><article class=\"o-grid__col u-6\/12@md\"><h3>Erhalten Sie regelm\u00e4\u00dfig aktuelle Informationen direkt in Ihr Postfach:<\/h3>\n<ul>\n<li>Insights zu regulatorischen Neuerungen, Compliance-Trends und Kreditrisikomanagement.<\/li>\n<li>Experteneinsch\u00e4tzungen zu KI, Automatisierung und der Zukunft des Decision Managements.<\/li>\n<li>Whitepaper, Studien und Success Stories f\u00fchrender Finanzinstitute.<\/li>\n<li>Neuigkeiten zu ACTICO Produkten, L\u00f6sungen und technologischen Innovationen.<\/li>\n<\/ul>\n<\/article><div class=\"o-grid__col u-6\/12@md\">\n                <div id=\"form__container--48\" class=\"hbspt-form\">                        <script>\n                          hbspt.forms.create({\n                            portalId: \"5086842\",\n                            target: '#form__container--48',\n                            formId: \"a365d86c-02ce-4217-b564-a55a3849a528\"\n                                                                                });\n                        <\/script>\n                    \n                <\/div>\n            <\/div>\n        <\/div>\n    <\/div>\n<\/section>","protected":false},"excerpt":{"rendered":"","protected":false},"author":3,"featured_media":0,"parent":7218,"menu_order":0,"comment_status":"closed","ping_status":"closed","template":"","format":[],"meta":{"_acf_changed":false,"footnotes":""},"business_unit":[],"industry":[],"other-tag":[],"process":[],"class_list":["post-7232","page","type-page","status-publish","hentry"],"acf":[],"yoast_head":"<!-- This site is optimized with the Yoast SEO Premium plugin v27.2 (Yoast SEO v27.2) - https:\/\/yoast.com\/product\/yoast-seo-premium-wordpress\/ -->\n<title>Newsletter anmeldung | ACTICO<\/title>\n<meta name=\"description\" content=\"In regelm\u00e4\u00dfigen Abst\u00e4nden informieren wir Sie \u00fcber Informationen zu gesetzlichen \u00c4nderungen und Trends der Finanzbranche.\" \/>\n<meta name=\"robots\" content=\"index, follow, max-snippet:-1, max-image-preview:large, max-video-preview:-1\" \/>\n<link rel=\"canonical\" href=\"https:\/\/www.actico.com\/de\/unternehmen\/kontakt\/newsletter\/\" \/>\n<meta property=\"og:locale\" content=\"de_DE\" \/>\n<meta property=\"og:type\" content=\"article\" \/>\n<meta property=\"og:title\" content=\"Newsletter\" \/>\n<meta property=\"og:description\" content=\"In regelm\u00e4\u00dfigen Abst\u00e4nden informieren wir Sie \u00fcber Informationen zu gesetzlichen \u00c4nderungen und Trends der Finanzbranche.\" \/>\n<meta property=\"og:url\" content=\"https:\/\/www.actico.com\/de\/unternehmen\/kontakt\/newsletter\/\" \/>\n<meta property=\"og:site_name\" content=\"ACTICO\" \/>\n<meta property=\"article:modified_time\" content=\"2025-11-14T11:08:24+00:00\" \/>\n<meta name=\"twitter:card\" content=\"summary_large_image\" \/>\n<meta name=\"twitter:site\" content=\"@ACTICO_en\" \/>\n<script type=\"application\/ld+json\" class=\"yoast-schema-graph\">{\"@context\":\"https:\/\/schema.org\",\"@graph\":[{\"@type\":[\"WebPage\",\"ContactPage\"],\"@id\":\"https:\/\/www.actico.com\/de\/unternehmen\/kontakt\/newsletter\/\",\"url\":\"https:\/\/www.actico.com\/de\/unternehmen\/kontakt\/newsletter\/\",\"name\":\"Newsletter anmeldung | ACTICO\",\"isPartOf\":{\"@id\":\"https:\/\/www.actico.com\/de\/#website\"},\"datePublished\":\"2019-01-24T12:05:27+00:00\",\"dateModified\":\"2025-11-14T11:08:24+00:00\",\"description\":\"In regelm\u00e4\u00dfigen Abst\u00e4nden informieren wir Sie \u00fcber Informationen zu gesetzlichen \u00c4nderungen und Trends der Finanzbranche.\",\"breadcrumb\":{\"@id\":\"https:\/\/www.actico.com\/de\/unternehmen\/kontakt\/newsletter\/#breadcrumb\"},\"inLanguage\":\"de\",\"potentialAction\":[{\"@type\":\"ReadAction\",\"target\":[\"https:\/\/www.actico.com\/de\/unternehmen\/kontakt\/newsletter\/\"]}]},{\"@type\":\"BreadcrumbList\",\"@id\":\"https:\/\/www.actico.com\/de\/unternehmen\/kontakt\/newsletter\/#breadcrumb\",\"itemListElement\":[{\"@type\":\"ListItem\",\"position\":1,\"name\":\"Startseite\",\"item\":\"https:\/\/www.actico.com\/de\/\"},{\"@type\":\"ListItem\",\"position\":2,\"name\":\"Unternehmen\",\"item\":\"https:\/\/www.actico.com\/de\/unternehmen\/\"},{\"@type\":\"ListItem\",\"position\":3,\"name\":\"Kontakt\",\"item\":\"https:\/\/www.actico.com\/de\/unternehmen\/kontakt\/\"},{\"@type\":\"ListItem\",\"position\":4,\"name\":\"Newsletter\"}]},{\"@type\":\"WebSite\",\"@id\":\"https:\/\/www.actico.com\/de\/#website\",\"url\":\"https:\/\/www.actico.com\/de\/\",\"name\":\"ACTICO\",\"description\":\"\",\"publisher\":{\"@id\":\"https:\/\/www.actico.com\/de\/#organization\"},\"potentialAction\":[{\"@type\":\"SearchAction\",\"target\":{\"@type\":\"EntryPoint\",\"urlTemplate\":\"https:\/\/www.actico.com\/de\/?s={search_term_string}\"},\"query-input\":{\"@type\":\"PropertyValueSpecification\",\"valueRequired\":true,\"valueName\":\"search_term_string\"}}],\"inLanguage\":\"de\"},{\"@type\":\"Organization\",\"@id\":\"https:\/\/www.actico.com\/de\/#organization\",\"name\":\"ACTICO\",\"url\":\"https:\/\/www.actico.com\/de\/\",\"logo\":{\"@type\":\"ImageObject\",\"inLanguage\":\"de\",\"@id\":\"https:\/\/www.actico.com\/de\/#\/schema\/logo\/image\/\",\"url\":\"https:\/\/www.actico.com\/wp-content\/uploads\/2025\/07\/Actico_Logo_rgb_2024_midnight-blue.svg\",\"contentUrl\":\"https:\/\/www.actico.com\/wp-content\/uploads\/2025\/07\/Actico_Logo_rgb_2024_midnight-blue.svg\",\"width\":120,\"height\":34,\"caption\":\"ACTICO\"},\"image\":{\"@id\":\"https:\/\/www.actico.com\/de\/#\/schema\/logo\/image\/\"},\"sameAs\":[\"https:\/\/x.com\/ACTICO_en\",\"https:\/\/x.com\/ACTICO_de\",\"https:\/\/www.linkedin.com\/company\/actico\",\"https:\/\/www.xing.com\/pages\/acticogmbh\"],\"description\":\"Intelligent software solutions from ACTICO support banks and insurance companies in credit risk management, corporate lending and compliance. Drive the digital transformation and optimize your business processes.\",\"email\":\"info@actico.com\",\"telephone\":\"Tel. +49 7541 39726\",\"legalName\":\"ACTICO GmbH\",\"numberOfEmployees\":{\"@type\":\"QuantitativeValue\",\"minValue\":\"201\",\"maxValue\":\"500\"}}]}<\/script>\n<!-- \/ Yoast SEO Premium plugin. -->","yoast_head_json":{"title":"Newsletter anmeldung | ACTICO","description":"In regelm\u00e4\u00dfigen Abst\u00e4nden informieren wir Sie \u00fcber Informationen zu gesetzlichen \u00c4nderungen und Trends der Finanzbranche.","robots":{"index":"index","follow":"follow","max-snippet":"max-snippet:-1","max-image-preview":"max-image-preview:large","max-video-preview":"max-video-preview:-1"},"canonical":"https:\/\/www.actico.com\/de\/unternehmen\/kontakt\/newsletter\/","og_locale":"de_DE","og_type":"article","og_title":"Newsletter","og_description":"In regelm\u00e4\u00dfigen Abst\u00e4nden informieren wir Sie \u00fcber Informationen zu gesetzlichen \u00c4nderungen und Trends der Finanzbranche.","og_url":"https:\/\/www.actico.com\/de\/unternehmen\/kontakt\/newsletter\/","og_site_name":"ACTICO","article_modified_time":"2025-11-14T11:08:24+00:00","twitter_card":"summary_large_image","twitter_site":"@ACTICO_en","schema":{"@context":"https:\/\/schema.org","@graph":[{"@type":["WebPage","ContactPage"],"@id":"https:\/\/www.actico.com\/de\/unternehmen\/kontakt\/newsletter\/","url":"https:\/\/www.actico.com\/de\/unternehmen\/kontakt\/newsletter\/","name":"Newsletter anmeldung | ACTICO","isPartOf":{"@id":"https:\/\/www.actico.com\/de\/#website"},"datePublished":"2019-01-24T12:05:27+00:00","dateModified":"2025-11-14T11:08:24+00:00","description":"In regelm\u00e4\u00dfigen Abst\u00e4nden informieren wir Sie \u00fcber Informationen zu gesetzlichen \u00c4nderungen und Trends der Finanzbranche.","breadcrumb":{"@id":"https:\/\/www.actico.com\/de\/unternehmen\/kontakt\/newsletter\/#breadcrumb"},"inLanguage":"de","potentialAction":[{"@type":"ReadAction","target":["https:\/\/www.actico.com\/de\/unternehmen\/kontakt\/newsletter\/"]}]},{"@type":"BreadcrumbList","@id":"https:\/\/www.actico.com\/de\/unternehmen\/kontakt\/newsletter\/#breadcrumb","itemListElement":[{"@type":"ListItem","position":1,"name":"Startseite","item":"https:\/\/www.actico.com\/de\/"},{"@type":"ListItem","position":2,"name":"Unternehmen","item":"https:\/\/www.actico.com\/de\/unternehmen\/"},{"@type":"ListItem","position":3,"name":"Kontakt","item":"https:\/\/www.actico.com\/de\/unternehmen\/kontakt\/"},{"@type":"ListItem","position":4,"name":"Newsletter"}]},{"@type":"WebSite","@id":"https:\/\/www.actico.com\/de\/#website","url":"https:\/\/www.actico.com\/de\/","name":"ACTICO","description":"","publisher":{"@id":"https:\/\/www.actico.com\/de\/#organization"},"potentialAction":[{"@type":"SearchAction","target":{"@type":"EntryPoint","urlTemplate":"https:\/\/www.actico.com\/de\/?s={search_term_string}"},"query-input":{"@type":"PropertyValueSpecification","valueRequired":true,"valueName":"search_term_string"}}],"inLanguage":"de"},{"@type":"Organization","@id":"https:\/\/www.actico.com\/de\/#organization","name":"ACTICO","url":"https:\/\/www.actico.com\/de\/","logo":{"@type":"ImageObject","inLanguage":"de","@id":"https:\/\/www.actico.com\/de\/#\/schema\/logo\/image\/","url":"https:\/\/www.actico.com\/wp-content\/uploads\/2025\/07\/Actico_Logo_rgb_2024_midnight-blue.svg","contentUrl":"https:\/\/www.actico.com\/wp-content\/uploads\/2025\/07\/Actico_Logo_rgb_2024_midnight-blue.svg","width":120,"height":34,"caption":"ACTICO"},"image":{"@id":"https:\/\/www.actico.com\/de\/#\/schema\/logo\/image\/"},"sameAs":["https:\/\/x.com\/ACTICO_en","https:\/\/x.com\/ACTICO_de","https:\/\/www.linkedin.com\/company\/actico","https:\/\/www.xing.com\/pages\/acticogmbh"],"description":"Intelligent software solutions from ACTICO support banks and insurance companies in credit risk management, corporate lending and compliance. Drive the digital transformation and optimize your business processes.","email":"info@actico.com","telephone":"Tel. +49 7541 39726","legalName":"ACTICO GmbH","numberOfEmployees":{"@type":"QuantitativeValue","minValue":"201","maxValue":"500"}}]}},"_links":{"self":[{"href":"https:\/\/www.actico.com\/de\/wp-json\/wp\/v2\/pages\/7232","targetHints":{"allow":["GET"]}}],"collection":[{"href":"https:\/\/www.actico.com\/de\/wp-json\/wp\/v2\/pages"}],"about":[{"href":"https:\/\/www.actico.com\/de\/wp-json\/wp\/v2\/types\/page"}],"author":[{"embeddable":true,"href":"https:\/\/www.actico.com\/de\/wp-json\/wp\/v2\/users\/3"}],"replies":[{"embeddable":true,"href":"https:\/\/www.actico.com\/de\/wp-json\/wp\/v2\/comments?post=7232"}],"version-history":[{"count":3,"href":"https:\/\/www.actico.com\/de\/wp-json\/wp\/v2\/pages\/7232\/revisions"}],"predecessor-version":[{"id":8468,"href":"https:\/\/www.actico.com\/de\/wp-json\/wp\/v2\/pages\/7232\/revisions\/8468"}],"up":[{"embeddable":true,"href":"https:\/\/www.actico.com\/de\/wp-json\/wp\/v2\/pages\/7218"}],"wp:attachment":[{"href":"https:\/\/www.actico.com\/de\/wp-json\/wp\/v2\/media?parent=7232"}],"wp:term":[{"taxonomy":"business_unit","embeddable":true,"href":"https:\/\/www.actico.com\/de\/wp-json\/wp\/v2\/business_unit?post=7232"},{"taxonomy":"format","embeddable":true,"href":"https:\/\/www.actico.com\/de\/wp-json\/wp\/v2\/format?post=7232"},{"taxonomy":"industry","embeddable":true,"href":"https:\/\/www.actico.com\/de\/wp-json\/wp\/v2\/industry?post=7232"},{"taxonomy":"other-tag","embeddable":true,"href":"https:\/\/www.actico.com\/de\/wp-json\/wp\/v2\/other-tag?post=7232"},{"taxonomy":"process","embeddable":true,"href":"https:\/\/www.actico.com\/de\/wp-json\/wp\/v2\/process?post=7232"}],"curies":[{"name":"wp","href":"https:\/\/api.w.org\/{rel}","templated":true}]}}