{"id":7223,"date":"2019-10-07T11:13:14","date_gmt":"2019-10-07T11:13:14","guid":{"rendered":"https:\/\/p-c72cr2.project.space\/?page_id=7223"},"modified":"2025-11-14T11:07:52","modified_gmt":"2025-11-14T11:07:52","slug":"credit-risk-management","status":"publish","type":"page","link":"https:\/\/www.actico.com\/de\/unternehmen\/kontakt\/credit-risk-management\/","title":{"rendered":"Credit Risk"},"content":{"rendered":"\n<section id=\"m-text__container-block_7d0e389877fb12408b80daac474fb223\" class=\"u-relative m-text__container u-pt-x10 u-pb-x10 u-pt-x20@md u-pb-x20@md u-bgcolor-midnight-blue\"><div class=\"o-container u-relative\"><div class=\"o-grid\">\n                <div class=\"o-grid__col u-12\/12@md\" data-aos=\"none\">\n                    <h1 class=\"u-color-electric-blue\" style=\"text-align: center;\">\u00a0Credit-Risk-Experten \u2013 f\u00fcr Sie da<\/h1>\n<h5 style=\"text-align: center;\">Wir unterst\u00fctzen Sie bei allen Fragen rund um Kreditrisikomanagement und Decisioning. Schreiben Sie uns \u2013 wir melden uns schnellstm\u00f6glich zur\u00fcck.<\/h5>\n\n                <\/div>\n        <\/div><\/div>\n<\/section>\n\n\n<section id=\"m-form__container-block_c1651ae43c92f61e455e31ae32622f49\" class=\"u-relative m-form__container u-pt-x10 u-pb-x10 u-pt-x20@md u-pb-x20@md u-bgcolor-skyfall-rb-to-mb\"><div class=\"o-container u-relative\"><div class=\"o-grid o-grid--center\"><div class=\"o-grid__col u-10\/12@md\">\n                <div id=\"form__container--57\" class=\"hbspt-form\">                        <script>\n                          hbspt.forms.create({\n                            portalId: \"5086842\",\n                            target: '#form__container--57',\n                            formId: \"0ea34715-9ff3-4ece-b07f-e2371f500a3c\"\n                                                                                });\n                        <\/script>\n                    \n                <\/div>\n            <\/div>\n        <\/div>\n    <\/div>\n<\/section>\n\n\n<section id=\"m-teaser__container-block_54a5f324290530654eed6fc84d52ba65\" class=\"m-teaser__container u-pt-x10 u-pb-x10 u-pt-x20@md u-pb-x20@md u-bgcolor-skyfall-mb-to-rb\">\n    <div class=\"o-container u-relative\"><div class=\"o-grid\"><div class=\"o-grid__col u-mb-x6\"><h2 style=\"text-align: center;\">Wie Sie uns erreichen<\/h2>\n<\/div><\/div><div class=\"o-grid  o-grid--x4\">\n                        <div class=\"o-grid__col u-mb-x4 u-6\/12@sm u-4\/12@md\" data-aos=\"fade\" data-aos-delay=\"0\">\n                        \n                            <figure class=\"u-flex u-fd-col u-full--width u-text-center u-full--height u-bgcolor-white u-color-midnight-blue\">\n                                <figcaption class=\"u-flex u-fd-col u-fg-1 u-p-x6\"><h5 class=\"u-color-royal-blue\" style=\"text-align: center;\">Europe &amp; Middle East<\/h5>\n<h4 style=\"text-align: center;\">ACTICO GmbH<\/h4>\n<p style=\"text-align: center;\">Charlottenstrasse 2<br \/>\n88045 Friedrichshafen<br \/>\nGermany<\/p>\n<p style=\"text-align: center;\">Tel. <span class=\"ui-provider a b c d e f g h i j k l m n o p q r s t u v w x y z ab ac ae af ag ah ai aj ak\" dir=\"ltr\">+49 7541 39726-0<\/span><\/p>\n<p class=\"u-color-royal-blue\" style=\"text-align: center;\"><a class=\"css-1rn59kg\" title=\"mailto:info@actico.com\" href=\"mailto:info@actico.com\" data-testid=\"link-with-safety\" data-renderer-mark=\"true\">info@actico.com<\/a><br \/>\n<a class=\"css-1rn59kg\" title=\"http:\/\/www.actico.sg\/\" href=\"http:\/\/www.actico.de\" data-testid=\"link-with-safety\" data-renderer-mark=\"true\">www.actico.de<\/a><\/p>\n<p>&nbsp;<\/p>\n<div class=\"u-mt--auto\"><\/div><\/figcaption><\/figure>\n                            \n                        <\/div>\n                        <div class=\"o-grid__col u-mb-x4 u-6\/12@sm u-4\/12@md\" data-aos=\"fade\" data-aos-delay=\"100\">\n                        \n                            <figure class=\"u-flex u-fd-col u-full--width u-text-center u-full--height u-bgcolor-white u-color-midnight-blue\">\n                                <figcaption class=\"u-flex u-fd-col u-fg-1 u-p-x6\"><h5 class=\"u-color-royal-blue\" style=\"text-align: center;\">AMERICAS<\/h5>\n<h4 style=\"text-align: center;\">ACTICO Corp.<\/h4>\n<p style=\"text-align: center;\">111 W. Jackson Blvd. Suite 1700<br \/>\nChicago, IL 60604<br \/>\nUSA<\/p>\n<p style=\"text-align: center;\">Tel. +1 312 471 5530<\/p>\n<p class=\"u-color-royal-blue\" style=\"text-align: center;\"><a class=\"css-1rn59kg\" title=\"mailto:info@actico.com\" href=\"mailto:info@actico.com\" data-testid=\"link-with-safety\" data-renderer-mark=\"true\">info@actico.com<\/a><br \/>\n<a class=\"css-1rn59kg\" title=\"http:\/\/www.actico.sg\/\" href=\"http:\/\/www.actico.com\" data-testid=\"link-with-safety\" data-renderer-mark=\"true\">www.actico.com<\/a><\/p>\n<p>&nbsp;<\/p>\n<div class=\"u-mt--auto\"><\/div><\/figcaption><\/figure>\n                            \n                        <\/div>\n                        <div class=\"o-grid__col u-mb-x4 u-6\/12@sm u-4\/12@md\" data-aos=\"fade\" data-aos-delay=\"200\">\n                        \n                            <figure class=\"u-flex u-fd-col u-full--width u-text-center u-full--height u-bgcolor-white u-color-midnight-blue\">\n                                <figcaption class=\"u-flex u-fd-col u-fg-1 u-p-x6\"><h5 class=\"u-color-royal-blue\" style=\"text-align: center;\">Asia &amp; Pacific<\/h5>\n<h4 style=\"text-align: center;\">ACTICO Pte. Ltd.<\/h4>\n<p style=\"text-align: center;\" data-renderer-start-pos=\"261\">9 Raffles Place, #24-01<\/p>\n<p style=\"text-align: center;\" data-renderer-start-pos=\"261\">Republic Plaza<\/p>\n<p style=\"text-align: center;\" data-renderer-start-pos=\"261\">Singapore 048619<\/p>\n<p class=\"u-color-royal-blue\" style=\"text-align: center;\" data-renderer-start-pos=\"327\"><a class=\"css-1rn59kg\" title=\"mailto:info@actico.com\" href=\"mailto:info@actico.com\" data-testid=\"link-with-safety\" data-renderer-mark=\"true\">info@actico.com<\/a><br \/>\n<a class=\"css-1rn59kg\" title=\"http:\/\/www.actico.sg\/\" href=\"http:\/\/www.actico.sg\/\" data-testid=\"link-with-safety\" data-renderer-mark=\"true\">www.actico.sg<\/a><\/p>\n<div class=\"u-mt--auto\"><\/div><\/figcaption><\/figure>\n                            \n                        <\/div>\n        <\/div>\n    <\/div>\n<\/section>","protected":false},"excerpt":{"rendered":"","protected":false},"author":3,"featured_media":0,"parent":7218,"menu_order":0,"comment_status":"closed","ping_status":"closed","template":"","format":[],"meta":{"_acf_changed":false,"footnotes":""},"business_unit":[],"industry":[],"other-tag":[],"process":[],"class_list":["post-7223","page","type-page","status-publish","hentry"],"acf":[],"yoast_head":"<!-- This site is optimized with the Yoast SEO Premium plugin v27.2 (Yoast SEO v27.2) - https:\/\/yoast.com\/product\/yoast-seo-premium-wordpress\/ -->\n<title>Credit Risk | ACTICO<\/title>\n<meta name=\"description\" content=\"Sprechen Sie mit unseren Experten \u00fcber Ihre neue Kreditrisikomanagementl\u00f6sung oder Kreditentscheidungssoftware. Bitte f\u00fcllen Sie das untenstehende Formular aus und wir werden uns mit Ihnen in Verbindung setzen.\" \/>\n<meta name=\"robots\" content=\"index, follow, max-snippet:-1, max-image-preview:large, max-video-preview:-1\" \/>\n<link rel=\"canonical\" href=\"https:\/\/www.actico.com\/de\/unternehmen\/kontakt\/credit-risk-management\/\" \/>\n<meta property=\"og:locale\" content=\"de_DE\" \/>\n<meta property=\"og:type\" content=\"article\" \/>\n<meta property=\"og:title\" content=\"Credit Risk\" \/>\n<meta property=\"og:description\" content=\"Sprechen Sie mit unseren Experten \u00fcber Ihre neue Kreditrisikomanagementl\u00f6sung oder Kreditentscheidungssoftware. Bitte f\u00fcllen Sie das untenstehende Formular aus und wir werden uns mit Ihnen in Verbindung setzen.\" \/>\n<meta property=\"og:url\" content=\"https:\/\/www.actico.com\/de\/unternehmen\/kontakt\/credit-risk-management\/\" \/>\n<meta property=\"og:site_name\" content=\"ACTICO\" \/>\n<meta property=\"article:modified_time\" content=\"2025-11-14T11:07:52+00:00\" \/>\n<meta name=\"twitter:card\" content=\"summary_large_image\" \/>\n<meta name=\"twitter:site\" content=\"@ACTICO_en\" \/>\n<script type=\"application\/ld+json\" class=\"yoast-schema-graph\">{\"@context\":\"https:\/\/schema.org\",\"@graph\":[{\"@type\":[\"WebPage\",\"ContactPage\"],\"@id\":\"https:\/\/www.actico.com\/de\/unternehmen\/kontakt\/credit-risk-management\/\",\"url\":\"https:\/\/www.actico.com\/de\/unternehmen\/kontakt\/credit-risk-management\/\",\"name\":\"Credit Risk | ACTICO\",\"isPartOf\":{\"@id\":\"https:\/\/www.actico.com\/de\/#website\"},\"datePublished\":\"2019-10-07T11:13:14+00:00\",\"dateModified\":\"2025-11-14T11:07:52+00:00\",\"description\":\"Sprechen Sie mit unseren Experten \u00fcber Ihre neue Kreditrisikomanagementl\u00f6sung oder Kreditentscheidungssoftware. Bitte f\u00fcllen Sie das untenstehende Formular aus und wir werden uns mit Ihnen in Verbindung setzen.\",\"breadcrumb\":{\"@id\":\"https:\/\/www.actico.com\/de\/unternehmen\/kontakt\/credit-risk-management\/#breadcrumb\"},\"inLanguage\":\"de\",\"potentialAction\":[{\"@type\":\"ReadAction\",\"target\":[\"https:\/\/www.actico.com\/de\/unternehmen\/kontakt\/credit-risk-management\/\"]}]},{\"@type\":\"BreadcrumbList\",\"@id\":\"https:\/\/www.actico.com\/de\/unternehmen\/kontakt\/credit-risk-management\/#breadcrumb\",\"itemListElement\":[{\"@type\":\"ListItem\",\"position\":1,\"name\":\"Startseite\",\"item\":\"https:\/\/www.actico.com\/de\/\"},{\"@type\":\"ListItem\",\"position\":2,\"name\":\"Unternehmen\",\"item\":\"https:\/\/www.actico.com\/de\/unternehmen\/\"},{\"@type\":\"ListItem\",\"position\":3,\"name\":\"Kontakt\",\"item\":\"https:\/\/www.actico.com\/de\/unternehmen\/kontakt\/\"},{\"@type\":\"ListItem\",\"position\":4,\"name\":\"Credit Risk\"}]},{\"@type\":\"WebSite\",\"@id\":\"https:\/\/www.actico.com\/de\/#website\",\"url\":\"https:\/\/www.actico.com\/de\/\",\"name\":\"ACTICO\",\"description\":\"\",\"publisher\":{\"@id\":\"https:\/\/www.actico.com\/de\/#organization\"},\"potentialAction\":[{\"@type\":\"SearchAction\",\"target\":{\"@type\":\"EntryPoint\",\"urlTemplate\":\"https:\/\/www.actico.com\/de\/?s={search_term_string}\"},\"query-input\":{\"@type\":\"PropertyValueSpecification\",\"valueRequired\":true,\"valueName\":\"search_term_string\"}}],\"inLanguage\":\"de\"},{\"@type\":\"Organization\",\"@id\":\"https:\/\/www.actico.com\/de\/#organization\",\"name\":\"ACTICO\",\"url\":\"https:\/\/www.actico.com\/de\/\",\"logo\":{\"@type\":\"ImageObject\",\"inLanguage\":\"de\",\"@id\":\"https:\/\/www.actico.com\/de\/#\/schema\/logo\/image\/\",\"url\":\"https:\/\/www.actico.com\/wp-content\/uploads\/2025\/07\/Actico_Logo_rgb_2024_midnight-blue.svg\",\"contentUrl\":\"https:\/\/www.actico.com\/wp-content\/uploads\/2025\/07\/Actico_Logo_rgb_2024_midnight-blue.svg\",\"width\":120,\"height\":34,\"caption\":\"ACTICO\"},\"image\":{\"@id\":\"https:\/\/www.actico.com\/de\/#\/schema\/logo\/image\/\"},\"sameAs\":[\"https:\/\/x.com\/ACTICO_en\",\"https:\/\/x.com\/ACTICO_de\",\"https:\/\/www.linkedin.com\/company\/actico\",\"https:\/\/www.xing.com\/pages\/acticogmbh\"],\"description\":\"Intelligent software solutions from ACTICO support banks and insurance companies in credit risk management, corporate lending and compliance. Drive the digital transformation and optimize your business processes.\",\"email\":\"info@actico.com\",\"telephone\":\"Tel. +49 7541 39726\",\"legalName\":\"ACTICO GmbH\",\"numberOfEmployees\":{\"@type\":\"QuantitativeValue\",\"minValue\":\"201\",\"maxValue\":\"500\"}}]}<\/script>\n<!-- \/ Yoast SEO Premium plugin. -->","yoast_head_json":{"title":"Credit Risk | ACTICO","description":"Sprechen Sie mit unseren Experten \u00fcber Ihre neue Kreditrisikomanagementl\u00f6sung oder Kreditentscheidungssoftware. Bitte f\u00fcllen Sie das untenstehende Formular aus und wir werden uns mit Ihnen in Verbindung setzen.","robots":{"index":"index","follow":"follow","max-snippet":"max-snippet:-1","max-image-preview":"max-image-preview:large","max-video-preview":"max-video-preview:-1"},"canonical":"https:\/\/www.actico.com\/de\/unternehmen\/kontakt\/credit-risk-management\/","og_locale":"de_DE","og_type":"article","og_title":"Credit Risk","og_description":"Sprechen Sie mit unseren Experten \u00fcber Ihre neue Kreditrisikomanagementl\u00f6sung oder Kreditentscheidungssoftware. Bitte f\u00fcllen Sie das untenstehende Formular aus und wir werden uns mit Ihnen in Verbindung setzen.","og_url":"https:\/\/www.actico.com\/de\/unternehmen\/kontakt\/credit-risk-management\/","og_site_name":"ACTICO","article_modified_time":"2025-11-14T11:07:52+00:00","twitter_card":"summary_large_image","twitter_site":"@ACTICO_en","schema":{"@context":"https:\/\/schema.org","@graph":[{"@type":["WebPage","ContactPage"],"@id":"https:\/\/www.actico.com\/de\/unternehmen\/kontakt\/credit-risk-management\/","url":"https:\/\/www.actico.com\/de\/unternehmen\/kontakt\/credit-risk-management\/","name":"Credit Risk | ACTICO","isPartOf":{"@id":"https:\/\/www.actico.com\/de\/#website"},"datePublished":"2019-10-07T11:13:14+00:00","dateModified":"2025-11-14T11:07:52+00:00","description":"Sprechen Sie mit unseren Experten \u00fcber Ihre neue Kreditrisikomanagementl\u00f6sung oder Kreditentscheidungssoftware. Bitte f\u00fcllen Sie das untenstehende Formular aus und wir werden uns mit Ihnen in Verbindung setzen.","breadcrumb":{"@id":"https:\/\/www.actico.com\/de\/unternehmen\/kontakt\/credit-risk-management\/#breadcrumb"},"inLanguage":"de","potentialAction":[{"@type":"ReadAction","target":["https:\/\/www.actico.com\/de\/unternehmen\/kontakt\/credit-risk-management\/"]}]},{"@type":"BreadcrumbList","@id":"https:\/\/www.actico.com\/de\/unternehmen\/kontakt\/credit-risk-management\/#breadcrumb","itemListElement":[{"@type":"ListItem","position":1,"name":"Startseite","item":"https:\/\/www.actico.com\/de\/"},{"@type":"ListItem","position":2,"name":"Unternehmen","item":"https:\/\/www.actico.com\/de\/unternehmen\/"},{"@type":"ListItem","position":3,"name":"Kontakt","item":"https:\/\/www.actico.com\/de\/unternehmen\/kontakt\/"},{"@type":"ListItem","position":4,"name":"Credit Risk"}]},{"@type":"WebSite","@id":"https:\/\/www.actico.com\/de\/#website","url":"https:\/\/www.actico.com\/de\/","name":"ACTICO","description":"","publisher":{"@id":"https:\/\/www.actico.com\/de\/#organization"},"potentialAction":[{"@type":"SearchAction","target":{"@type":"EntryPoint","urlTemplate":"https:\/\/www.actico.com\/de\/?s={search_term_string}"},"query-input":{"@type":"PropertyValueSpecification","valueRequired":true,"valueName":"search_term_string"}}],"inLanguage":"de"},{"@type":"Organization","@id":"https:\/\/www.actico.com\/de\/#organization","name":"ACTICO","url":"https:\/\/www.actico.com\/de\/","logo":{"@type":"ImageObject","inLanguage":"de","@id":"https:\/\/www.actico.com\/de\/#\/schema\/logo\/image\/","url":"https:\/\/www.actico.com\/wp-content\/uploads\/2025\/07\/Actico_Logo_rgb_2024_midnight-blue.svg","contentUrl":"https:\/\/www.actico.com\/wp-content\/uploads\/2025\/07\/Actico_Logo_rgb_2024_midnight-blue.svg","width":120,"height":34,"caption":"ACTICO"},"image":{"@id":"https:\/\/www.actico.com\/de\/#\/schema\/logo\/image\/"},"sameAs":["https:\/\/x.com\/ACTICO_en","https:\/\/x.com\/ACTICO_de","https:\/\/www.linkedin.com\/company\/actico","https:\/\/www.xing.com\/pages\/acticogmbh"],"description":"Intelligent software solutions from ACTICO support banks and insurance companies in credit risk management, corporate lending and compliance. Drive the digital transformation and optimize your business processes.","email":"info@actico.com","telephone":"Tel. +49 7541 39726","legalName":"ACTICO GmbH","numberOfEmployees":{"@type":"QuantitativeValue","minValue":"201","maxValue":"500"}}]}},"_links":{"self":[{"href":"https:\/\/www.actico.com\/de\/wp-json\/wp\/v2\/pages\/7223","targetHints":{"allow":["GET"]}}],"collection":[{"href":"https:\/\/www.actico.com\/de\/wp-json\/wp\/v2\/pages"}],"about":[{"href":"https:\/\/www.actico.com\/de\/wp-json\/wp\/v2\/types\/page"}],"author":[{"embeddable":true,"href":"https:\/\/www.actico.com\/de\/wp-json\/wp\/v2\/users\/3"}],"replies":[{"embeddable":true,"href":"https:\/\/www.actico.com\/de\/wp-json\/wp\/v2\/comments?post=7223"}],"version-history":[{"count":3,"href":"https:\/\/www.actico.com\/de\/wp-json\/wp\/v2\/pages\/7223\/revisions"}],"predecessor-version":[{"id":9550,"href":"https:\/\/www.actico.com\/de\/wp-json\/wp\/v2\/pages\/7223\/revisions\/9550"}],"up":[{"embeddable":true,"href":"https:\/\/www.actico.com\/de\/wp-json\/wp\/v2\/pages\/7218"}],"wp:attachment":[{"href":"https:\/\/www.actico.com\/de\/wp-json\/wp\/v2\/media?parent=7223"}],"wp:term":[{"taxonomy":"business_unit","embeddable":true,"href":"https:\/\/www.actico.com\/de\/wp-json\/wp\/v2\/business_unit?post=7223"},{"taxonomy":"format","embeddable":true,"href":"https:\/\/www.actico.com\/de\/wp-json\/wp\/v2\/format?post=7223"},{"taxonomy":"industry","embeddable":true,"href":"https:\/\/www.actico.com\/de\/wp-json\/wp\/v2\/industry?post=7223"},{"taxonomy":"other-tag","embeddable":true,"href":"https:\/\/www.actico.com\/de\/wp-json\/wp\/v2\/other-tag?post=7223"},{"taxonomy":"process","embeddable":true,"href":"https:\/\/www.actico.com\/de\/wp-json\/wp\/v2\/process?post=7223"}],"curies":[{"name":"wp","href":"https:\/\/api.w.org\/{rel}","templated":true}]}}