{"id":6945,"date":"2023-06-05T19:45:33","date_gmt":"2023-06-05T19:45:33","guid":{"rendered":"https:\/\/p-c72cr2.project.space\/?page_id=6945"},"modified":"2025-09-03T12:05:24","modified_gmt":"2025-09-03T12:05:24","slug":"zertifikate","status":"publish","type":"page","link":"https:\/\/www.actico.com\/de\/unternehmen\/zertifikate\/","title":{"rendered":"Zertifikate"},"content":{"rendered":"\n<section id=\"m-text__container-block_caa141adb71a779e7ad9023baf832616\" class=\"u-relative m-text__container u-pt-x10 u-pb-x10 u-pt-x20@md u-pb-x20@md\"><figure class=\"u-image--overlay u-absolute u-pos--top u-full--width u-full--height\"><img loading=\"lazy\" decoding=\"async\" src=\"https:\/\/www.actico.com\/wp-content\/uploads\/2025\/07\/Actico_Element_16-9_Verauf-eb-mb-rb_300-1024x576.jpg\" width=\"1024\" height=\"576\"srcset=\"https:\/\/www.actico.com\/wp-content\/uploads\/2025\/07\/Actico_Element_16-9_Verauf-eb-mb-rb_300-1024x576.jpg 1024w, https:\/\/www.actico.com\/wp-content\/uploads\/2025\/07\/Actico_Element_16-9_Verauf-eb-mb-rb_300-300x169.jpg 300w, https:\/\/www.actico.com\/wp-content\/uploads\/2025\/07\/Actico_Element_16-9_Verauf-eb-mb-rb_300-768x432.jpg 768w, https:\/\/www.actico.com\/wp-content\/uploads\/2025\/07\/Actico_Element_16-9_Verauf-eb-mb-rb_300-1536x864.jpg 1536w, https:\/\/www.actico.com\/wp-content\/uploads\/2025\/07\/Actico_Element_16-9_Verauf-eb-mb-rb_300-2048x1152.jpg 2048w\" sizes=\"auto, (max-width: 1920px) 100vw, 1920px\" alt=\"Actico_Element_16-9_Verauf eb-mb-rb_300\" class=\"u-image--cover\"  \/><\/figure><div class=\"o-container u-relative\"><div class=\"o-grid\">\n                <div class=\"o-grid__col u-12\/12@md\" data-aos=\"none\">\n                    <h1 style=\"text-align: center;\">ACTICO-Zertifizierungen:<br \/>\nZertifizierte Qualit\u00e4t. Gepr\u00fcfte Sicherheit.<\/h1>\n<p style=\"text-align: center;\">Wir unterziehen uns unabh\u00e4ngigen Audits und Zertifizierungen, damit Sie sicher sein k\u00f6nnen: Unsere Prozesse sind sicher \u2013 und mit ACTICO sind es Ihre auch.<\/p>\n\n                <\/div>\n        <\/div><\/div>\n<\/section>\n\n\n<section id=\"m-media-text__container-block_8c2d63e11965408a5145fb5d9ee67154\" class=\"m-media-text__container u-pt-x10 u-pb-x10 u-pt-x20@md u-pb-x20@md u-bgcolor-glow-left-mb-rb\">\n    <div class=\"o-container u-relative\"><div class=\"o-grid\">\n            <div class=\"o-grid__col u-4\/12@md u-mb-x6 u-mb-x0@sm\" data-aos=\"fade\">\n                <img loading=\"lazy\" decoding=\"async\" src=\"https:\/\/www.actico.com\/wp-content\/uploads\/2025\/07\/Zertifikat.png\" width=\"1080\" height=\"1080\" sizes=\"auto, (max-width: 640px) 100vw, 640px\" alt=\"ACTICO Certificate \" class=\"\"  \/>\n            <\/div>\n            <div class=\"o-grid__col u-8\/12@md\" data-aos=\"fade\">\n                <ul>\n<li>Wir wollen, dass unsere Produkte und Dienstleistungen alle relevanten rechtlichen und beh\u00f6rdlichen Anforderungen und den Erwartungen unserer Kund:innen entsprechen. Deshalb legen wir Wert auf die Qualit\u00e4t unserer Produkte, Dienstleistungen und Prozesse. Dass wir diesem Ziel gerecht werden, bescheinigt uns die ISO 9001.<\/li>\n<li>Service verstehen wir als lebendige Beziehung, in der wir unseren Kunden sehr gut zuh\u00f6ren, damit wir genau wissen, was sie ben\u00f6tigen. So stellen wir ihnen passgenaue L\u00f6sungen bereit. Unsere zufriedenen Kunden sprechen dabei genauso f\u00fcr uns wie die ISO 20000-1 f\u00fcr Service Management.<\/li>\n<li>Wir bieten selbst Risk-L\u00f6sungen an \u2013 etwa die <a class=\"u-color-electric-blue\" href=\"https:\/\/www.actico.com\/de\/loesungen\/credit-risk-platform\/\">Credit Risk Platform<\/a>. Klar, dass wir m\u00f6gliche Risiken vorausschauend managen. Wir stellen sicher, dass selbst bei St\u00f6rungen die wichtigste Gesch\u00e4ftst\u00e4tigkeit weiter betrieben wird. Darauf gibt uns die ISO 22301 f\u00fcr Business Continuity Management Brief und Siegel.<\/li>\n<li>Das Vertrauen unserer Kund:innen haben wir einerseits verdient, weil wir unser hohes Qualit\u00e4tsversprechen halten, und andererseits, weil wir Ihre Geheimnisse sch\u00fctzen \u2013 menschlich wie technisch. Die ISO 27001 f\u00fcr Informationssicherheit bezeugt, dass wir Ihre Daten und Informationen vertrauensw\u00fcrdig behandeln und verantwortungsbewusst sch\u00fctzen.<\/li>\n<li>Die SOC-2-Zertifizierung w\u00fcrdigt unser unersch\u00fctterliches Engagement f\u00fcr h\u00f6chste Sicherheitsstandards sowie den Datenschutz unserer Kunden und deren Endnutzer.<\/li>\n<\/ul>\n\n            <\/div>\n        <\/div><\/div>\n<\/section>\n\n\n<section id=\"m-slider__container-block_3a73b3203d80e7d602b52bbfec1b3764\" class=\"m-slider__container u-bgcolor-white u-pt-x10 u-pb-x10 u-pt-x20@md u-pb-x20@md u-relative\">\n\t<div class=\"o-container\"><div class=\"o-grid\"><div class=\"o-grid__col u-mb-x6\"><h5 class=\"u-color-royal-blue\" style=\"text-align: center;\">F\u00fcr Ihre Wirtschaftspr\u00fcfer<\/h5>\n<h3 class=\"u-color-midnight-blue\" style=\"text-align: center;\">Unsere Compliance-Projekte sind nach IDW PS 951 zertifiziert.<\/h3>\n<p class=\"u-color-midnight-blue\">Die Pr\u00fcfung umfasst die kundenspezifische Implementierung sowie die kontinuierliche Weiterentwicklung der ACTICO Compliance Suite. Grundlage ist ein Standard des Instituts der Wirtschaftspr\u00fcfer in Deutschland (IDW), der die Qualit\u00e4t von Dienstleistern bewertet, die interne Kontrollsysteme f\u00fcr andere Unternehmen implementieren.<\/p>\n<ul>\n<li class=\"u-color-midnight-blue\"><strong>Typ 1<\/strong> best\u00e4tigt die Angemessenheit und das Design unseres Internen Kontrollsystems (IKS) sowie die Implementierung der relevanten Kontrollen. Dieser Teil wurde bereits 2021 erfolgreich abgeschlossen.<\/li>\n<li class=\"u-color-midnight-blue\"><strong>Typ 2<\/strong> bescheinigt, dass diese Kontrollen nicht nur implementiert, sondern auch wirksam angewendet und fortlaufend \u00fcberwacht werden.<\/li>\n<\/ul>\n<\/div><\/div><div class=\"m-slider__images slick-slider\" data-number=\"4\" data-controls=\"false\">\n        \t<figure class=\"u-relative u-text-center u-ph-x3\"><img loading=\"lazy\" decoding=\"async\" src=\"https:\/\/www.actico.com\/wp-content\/uploads\/2025\/07\/Certificate_ISO9001-2015_400x300pxEN-300x225.png\" width=\"300\" height=\"225\"srcset=\"https:\/\/www.actico.com\/wp-content\/uploads\/2025\/07\/Certificate_ISO9001-2015_400x300pxEN-300x225.png 300w, https:\/\/www.actico.com\/wp-content\/uploads\/2025\/07\/Certificate_ISO9001-2015_400x300pxEN.png 400w\" sizes=\"auto, (max-width: 480px) 100vw, 480px\" alt=\"ACTICO ISO 9001:2015\" class=\"u-inline-block\"  \/><\/figure>\n        \t<figure class=\"u-relative u-text-center u-ph-x3\"><img loading=\"lazy\" decoding=\"async\" src=\"https:\/\/www.actico.com\/wp-content\/uploads\/2025\/07\/Certifiacte_ISO20000_400x300px_EN-300x225.png\" width=\"300\" height=\"225\"srcset=\"https:\/\/www.actico.com\/wp-content\/uploads\/2025\/07\/Certifiacte_ISO20000_400x300px_EN-300x225.png 300w, https:\/\/www.actico.com\/wp-content\/uploads\/2025\/07\/Certifiacte_ISO20000_400x300px_EN.png 400w\" sizes=\"auto, (max-width: 480px) 100vw, 480px\" alt=\"ACTICO ISO 20000-1\" class=\"u-inline-block\"  \/><\/figure>\n        \t<figure class=\"u-relative u-text-center u-ph-x3\"><img loading=\"lazy\" decoding=\"async\" src=\"https:\/\/www.actico.com\/wp-content\/uploads\/2025\/07\/Certificate_ISO27001_400x300px_EN-300x225.png\" width=\"300\" height=\"225\"srcset=\"https:\/\/www.actico.com\/wp-content\/uploads\/2025\/07\/Certificate_ISO27001_400x300px_EN-300x225.png 300w, https:\/\/www.actico.com\/wp-content\/uploads\/2025\/07\/Certificate_ISO27001_400x300px_EN.png 400w\" sizes=\"auto, (max-width: 480px) 100vw, 480px\" alt=\"ACTICO ISO 27001\" class=\"u-inline-block\"  \/><\/figure>\n        \t<figure class=\"u-relative u-text-center u-ph-x3\"><img loading=\"lazy\" decoding=\"async\" src=\"https:\/\/www.actico.com\/wp-content\/uploads\/2025\/07\/certificate-iso-business-continuity-management-actico.jpg\" width=\"285\" height=\"235\" sizes=\"auto, (max-width: 480px) 100vw, 480px\" alt=\"ACTICO ISO 22301\" class=\"u-inline-block\"  \/><\/figure>\n    <\/div>\n    <div class=\"carousel__arrows\"><\/div>\n    <\/div>\n<\/section>\n\n\n<section id=\"m-media-text__container-block_5d9e9334205637290125ea4030b405e3\" class=\"m-media-text__container u-pt-x10 u-pb-x10 u-pt-x20@md u-pb-x20@md u-bgcolor-glow-right-mb-rb\">\n    <div class=\"o-container u-relative\"><div class=\"o-grid o-grid--rev\">\n            <div class=\"o-grid__col u-4\/12@md u-mb-x6 u-mb-x0@sm\" data-aos=\"fade\">\n                <img loading=\"lazy\" decoding=\"async\" src=\"https:\/\/www.actico.com\/wp-content\/uploads\/2025\/07\/SOC-2-Banner-DE_groesser.png\" width=\"328\" height=\"300\"srcset=\"https:\/\/www.actico.com\/wp-content\/uploads\/2025\/07\/SOC-2-Banner-DE_groesser.png 328w, https:\/\/www.actico.com\/wp-content\/uploads\/2025\/07\/SOC-2-Banner-DE_groesser-300x274.png 300w\" sizes=\"auto, (max-width: 640px) 100vw, 640px\" alt=\"ACTICO Banner for SOC 2\" class=\"\"  \/>\n            <\/div>\n            <div class=\"o-grid__col u-8\/12@md\" data-aos=\"fade\">\n                <h3 style=\"text-align: left;\">SOC-2-Zertifizierung f\u00fcr ACTICO Cloud-L\u00f6sungen:<br \/>\nEin Bekenntnis zu Sicherheit und Vertraulichkeit<\/h3>\n<p style=\"text-align: left;\">ACTICO hat die SOC-2-Zertifizierung erfolgreich erlangt \u2013 ein bedeutender Meilenstein, der die Sicherheit und Zuverl\u00e4ssigkeit unserer Cloud-basierten L\u00f6sungen unterstreicht. Diese Zertifizierung, entwickelt vom American Institute of Certified Public Accountants (AICPA), best\u00e4tigt, dass ACTICO strenge internationale Standards in den Bereichen <strong>Sicherheit, Verf\u00fcgbarkeit, Verarbeitungsintegrit\u00e4t, Vertraulichkeit und Datenschutz<\/strong> erf\u00fcllt und in vielen F\u00e4llen sogar \u00fcbertrifft.<\/p>\n\n            <\/div>\n        <\/div><\/div>\n<\/section>\n\n\n<section id=\"m-text__container-block_57fdd1bbca95134c8ecbe2079e1e6352\" class=\"u-relative m-text__container u-pt-x10 u-pb-x10 u-pt-x20@md u-pb-x20@md u-bgcolor-royal-blue\"><div class=\"o-container u-relative\"><div class=\"o-grid o-grid--center\">\n                <div class=\"o-grid__col u-12\/12@md\" data-aos=\"none\">\n                    <h5 style=\"text-align: center;\">Mehr Informationen?<\/h5>\n<h3 style=\"text-align: center;\">Brauchen Sie mehr Informationen zu unseren Zertifizierungen oder haben Sie Interesse am vollst\u00e4ndigen Zertifikat? Wenden Sie sich gerne an uns.<\/h3>\n<p style=\"text-align: center;\"><a class=\"c-btn c-btn--white u-mt-x3 c-btn__white\" href=\"https:\/\/www.actico.com\/de\/unternehmen\/kontakt\/\">Kontakt aufnehmen<\/a><\/p>\n\n                <\/div>\n        <\/div><\/div>\n<\/section>","protected":false},"excerpt":{"rendered":"","protected":false},"author":3,"featured_media":0,"parent":6950,"menu_order":0,"comment_status":"closed","ping_status":"closed","template":"","format":[],"meta":{"_acf_changed":false,"footnotes":""},"business_unit":[193],"industry":[],"other-tag":[],"process":[],"class_list":["post-6945","page","type-page","status-publish","hentry","business_unit-andere"],"acf":[],"yoast_head":"<!-- This site is optimized with the Yoast SEO Premium plugin v27.4 (Yoast SEO v27.4) - https:\/\/yoast.com\/product\/yoast-seo-premium-wordpress\/ -->\n<title>Zertifikate | ACTICO<\/title>\n<meta name=\"description\" content=\"Wir lassen uns pr\u00fcfen, damit Sie wissen: Wir sind sicher \u2013 und mit uns sind Sie es auch. Jetzt alles \u00fcber unsere Zertifizierungen erfahren.\" \/>\n<meta name=\"robots\" content=\"index, follow, max-snippet:-1, max-image-preview:large, max-video-preview:-1\" \/>\n<link rel=\"canonical\" href=\"https:\/\/www.actico.com\/de\/unternehmen\/zertifikate\/\" \/>\n<meta property=\"og:locale\" content=\"de_DE\" \/>\n<meta property=\"og:type\" content=\"article\" \/>\n<meta property=\"og:title\" content=\"Zertifikate\" \/>\n<meta property=\"og:description\" content=\"Wir lassen uns pr\u00fcfen, damit Sie wissen: Wir sind sicher \u2013 und mit uns sind Sie es auch. Jetzt alles \u00fcber unsere Zertifizierungen erfahren.\" \/>\n<meta property=\"og:url\" content=\"https:\/\/www.actico.com\/de\/unternehmen\/zertifikate\/\" \/>\n<meta property=\"og:site_name\" content=\"ACTICO\" \/>\n<meta property=\"article:modified_time\" content=\"2025-09-03T12:05:24+00:00\" \/>\n<meta name=\"twitter:card\" content=\"summary_large_image\" \/>\n<meta name=\"twitter:site\" content=\"@ACTICO_en\" \/>\n<script type=\"application\/ld+json\" class=\"yoast-schema-graph\">{\"@context\":\"https:\\\/\\\/schema.org\",\"@graph\":[{\"@type\":\"WebPage\",\"@id\":\"https:\\\/\\\/www.actico.com\\\/de\\\/unternehmen\\\/zertifikate\\\/\",\"url\":\"https:\\\/\\\/www.actico.com\\\/de\\\/unternehmen\\\/zertifikate\\\/\",\"name\":\"Zertifikate | ACTICO\",\"isPartOf\":{\"@id\":\"https:\\\/\\\/www.actico.com\\\/de\\\/#website\"},\"datePublished\":\"2023-06-05T19:45:33+00:00\",\"dateModified\":\"2025-09-03T12:05:24+00:00\",\"description\":\"Wir lassen uns pr\u00fcfen, damit Sie wissen: Wir sind sicher \u2013 und mit uns sind Sie es auch. Jetzt alles \u00fcber unsere Zertifizierungen erfahren.\",\"breadcrumb\":{\"@id\":\"https:\\\/\\\/www.actico.com\\\/de\\\/unternehmen\\\/zertifikate\\\/#breadcrumb\"},\"inLanguage\":\"de\",\"potentialAction\":[{\"@type\":\"ReadAction\",\"target\":[\"https:\\\/\\\/www.actico.com\\\/de\\\/unternehmen\\\/zertifikate\\\/\"]}]},{\"@type\":\"BreadcrumbList\",\"@id\":\"https:\\\/\\\/www.actico.com\\\/de\\\/unternehmen\\\/zertifikate\\\/#breadcrumb\",\"itemListElement\":[{\"@type\":\"ListItem\",\"position\":1,\"name\":\"Startseite\",\"item\":\"https:\\\/\\\/www.actico.com\\\/de\\\/\"},{\"@type\":\"ListItem\",\"position\":2,\"name\":\"Unternehmen\",\"item\":\"https:\\\/\\\/www.actico.com\\\/de\\\/unternehmen\\\/\"},{\"@type\":\"ListItem\",\"position\":3,\"name\":\"Zertifikate\"}]},{\"@type\":\"WebSite\",\"@id\":\"https:\\\/\\\/www.actico.com\\\/de\\\/#website\",\"url\":\"https:\\\/\\\/www.actico.com\\\/de\\\/\",\"name\":\"ACTICO\",\"description\":\"\",\"publisher\":{\"@id\":\"https:\\\/\\\/www.actico.com\\\/de\\\/#organization\"},\"potentialAction\":[{\"@type\":\"SearchAction\",\"target\":{\"@type\":\"EntryPoint\",\"urlTemplate\":\"https:\\\/\\\/www.actico.com\\\/de\\\/?s={search_term_string}\"},\"query-input\":{\"@type\":\"PropertyValueSpecification\",\"valueRequired\":true,\"valueName\":\"search_term_string\"}}],\"inLanguage\":\"de\"},{\"@type\":\"Organization\",\"@id\":\"https:\\\/\\\/www.actico.com\\\/de\\\/#organization\",\"name\":\"ACTICO\",\"url\":\"https:\\\/\\\/www.actico.com\\\/de\\\/\",\"logo\":{\"@type\":\"ImageObject\",\"inLanguage\":\"de\",\"@id\":\"https:\\\/\\\/www.actico.com\\\/de\\\/#\\\/schema\\\/logo\\\/image\\\/\",\"url\":\"https:\\\/\\\/www.actico.com\\\/wp-content\\\/uploads\\\/2025\\\/07\\\/Actico_Logo_rgb_2024_midnight-blue.svg\",\"contentUrl\":\"https:\\\/\\\/www.actico.com\\\/wp-content\\\/uploads\\\/2025\\\/07\\\/Actico_Logo_rgb_2024_midnight-blue.svg\",\"width\":120,\"height\":34,\"caption\":\"ACTICO\"},\"image\":{\"@id\":\"https:\\\/\\\/www.actico.com\\\/de\\\/#\\\/schema\\\/logo\\\/image\\\/\"},\"sameAs\":[\"https:\\\/\\\/x.com\\\/ACTICO_en\",\"https:\\\/\\\/x.com\\\/ACTICO_de\",\"https:\\\/\\\/www.linkedin.com\\\/company\\\/actico\",\"https:\\\/\\\/www.xing.com\\\/pages\\\/acticogmbh\"],\"description\":\"Intelligent software solutions from ACTICO support banks and insurance companies in credit risk management, corporate lending and compliance. Drive the digital transformation and optimize your business processes.\",\"email\":\"info@actico.com\",\"telephone\":\"Tel. +49 7541 39726\",\"legalName\":\"ACTICO GmbH\",\"numberOfEmployees\":{\"@type\":\"QuantitativeValue\",\"minValue\":\"201\",\"maxValue\":\"500\"}}]}<\/script>\n<!-- \/ Yoast SEO Premium plugin. -->","yoast_head_json":{"title":"Zertifikate | ACTICO","description":"Wir lassen uns pr\u00fcfen, damit Sie wissen: Wir sind sicher \u2013 und mit uns sind Sie es auch. Jetzt alles \u00fcber unsere Zertifizierungen erfahren.","robots":{"index":"index","follow":"follow","max-snippet":"max-snippet:-1","max-image-preview":"max-image-preview:large","max-video-preview":"max-video-preview:-1"},"canonical":"https:\/\/www.actico.com\/de\/unternehmen\/zertifikate\/","og_locale":"de_DE","og_type":"article","og_title":"Zertifikate","og_description":"Wir lassen uns pr\u00fcfen, damit Sie wissen: Wir sind sicher \u2013 und mit uns sind Sie es auch. Jetzt alles \u00fcber unsere Zertifizierungen erfahren.","og_url":"https:\/\/www.actico.com\/de\/unternehmen\/zertifikate\/","og_site_name":"ACTICO","article_modified_time":"2025-09-03T12:05:24+00:00","twitter_card":"summary_large_image","twitter_site":"@ACTICO_en","schema":{"@context":"https:\/\/schema.org","@graph":[{"@type":"WebPage","@id":"https:\/\/www.actico.com\/de\/unternehmen\/zertifikate\/","url":"https:\/\/www.actico.com\/de\/unternehmen\/zertifikate\/","name":"Zertifikate | ACTICO","isPartOf":{"@id":"https:\/\/www.actico.com\/de\/#website"},"datePublished":"2023-06-05T19:45:33+00:00","dateModified":"2025-09-03T12:05:24+00:00","description":"Wir lassen uns pr\u00fcfen, damit Sie wissen: Wir sind sicher \u2013 und mit uns sind Sie es auch. Jetzt alles \u00fcber unsere Zertifizierungen erfahren.","breadcrumb":{"@id":"https:\/\/www.actico.com\/de\/unternehmen\/zertifikate\/#breadcrumb"},"inLanguage":"de","potentialAction":[{"@type":"ReadAction","target":["https:\/\/www.actico.com\/de\/unternehmen\/zertifikate\/"]}]},{"@type":"BreadcrumbList","@id":"https:\/\/www.actico.com\/de\/unternehmen\/zertifikate\/#breadcrumb","itemListElement":[{"@type":"ListItem","position":1,"name":"Startseite","item":"https:\/\/www.actico.com\/de\/"},{"@type":"ListItem","position":2,"name":"Unternehmen","item":"https:\/\/www.actico.com\/de\/unternehmen\/"},{"@type":"ListItem","position":3,"name":"Zertifikate"}]},{"@type":"WebSite","@id":"https:\/\/www.actico.com\/de\/#website","url":"https:\/\/www.actico.com\/de\/","name":"ACTICO","description":"","publisher":{"@id":"https:\/\/www.actico.com\/de\/#organization"},"potentialAction":[{"@type":"SearchAction","target":{"@type":"EntryPoint","urlTemplate":"https:\/\/www.actico.com\/de\/?s={search_term_string}"},"query-input":{"@type":"PropertyValueSpecification","valueRequired":true,"valueName":"search_term_string"}}],"inLanguage":"de"},{"@type":"Organization","@id":"https:\/\/www.actico.com\/de\/#organization","name":"ACTICO","url":"https:\/\/www.actico.com\/de\/","logo":{"@type":"ImageObject","inLanguage":"de","@id":"https:\/\/www.actico.com\/de\/#\/schema\/logo\/image\/","url":"https:\/\/www.actico.com\/wp-content\/uploads\/2025\/07\/Actico_Logo_rgb_2024_midnight-blue.svg","contentUrl":"https:\/\/www.actico.com\/wp-content\/uploads\/2025\/07\/Actico_Logo_rgb_2024_midnight-blue.svg","width":120,"height":34,"caption":"ACTICO"},"image":{"@id":"https:\/\/www.actico.com\/de\/#\/schema\/logo\/image\/"},"sameAs":["https:\/\/x.com\/ACTICO_en","https:\/\/x.com\/ACTICO_de","https:\/\/www.linkedin.com\/company\/actico","https:\/\/www.xing.com\/pages\/acticogmbh"],"description":"Intelligent software solutions from ACTICO support banks and insurance companies in credit risk management, corporate lending and compliance. Drive the digital transformation and optimize your business processes.","email":"info@actico.com","telephone":"Tel. +49 7541 39726","legalName":"ACTICO GmbH","numberOfEmployees":{"@type":"QuantitativeValue","minValue":"201","maxValue":"500"}}]}},"_links":{"self":[{"href":"https:\/\/www.actico.com\/de\/wp-json\/wp\/v2\/pages\/6945","targetHints":{"allow":["GET"]}}],"collection":[{"href":"https:\/\/www.actico.com\/de\/wp-json\/wp\/v2\/pages"}],"about":[{"href":"https:\/\/www.actico.com\/de\/wp-json\/wp\/v2\/types\/page"}],"author":[{"embeddable":true,"href":"https:\/\/www.actico.com\/de\/wp-json\/wp\/v2\/users\/3"}],"replies":[{"embeddable":true,"href":"https:\/\/www.actico.com\/de\/wp-json\/wp\/v2\/comments?post=6945"}],"version-history":[{"count":2,"href":"https:\/\/www.actico.com\/de\/wp-json\/wp\/v2\/pages\/6945\/revisions"}],"predecessor-version":[{"id":7836,"href":"https:\/\/www.actico.com\/de\/wp-json\/wp\/v2\/pages\/6945\/revisions\/7836"}],"up":[{"embeddable":true,"href":"https:\/\/www.actico.com\/de\/wp-json\/wp\/v2\/pages\/6950"}],"wp:attachment":[{"href":"https:\/\/www.actico.com\/de\/wp-json\/wp\/v2\/media?parent=6945"}],"wp:term":[{"taxonomy":"business_unit","embeddable":true,"href":"https:\/\/www.actico.com\/de\/wp-json\/wp\/v2\/business_unit?post=6945"},{"taxonomy":"format","embeddable":true,"href":"https:\/\/www.actico.com\/de\/wp-json\/wp\/v2\/format?post=6945"},{"taxonomy":"industry","embeddable":true,"href":"https:\/\/www.actico.com\/de\/wp-json\/wp\/v2\/industry?post=6945"},{"taxonomy":"other-tag","embeddable":true,"href":"https:\/\/www.actico.com\/de\/wp-json\/wp\/v2\/other-tag?post=6945"},{"taxonomy":"process","embeddable":true,"href":"https:\/\/www.actico.com\/de\/wp-json\/wp\/v2\/process?post=6945"}],"curies":[{"name":"wp","href":"https:\/\/api.w.org\/{rel}","templated":true}]}}